{"id":6239,"date":"2025-04-19T11:50:42","date_gmt":"2025-04-19T09:50:42","guid":{"rendered":"https:\/\/enseignementsuptchad.net\/?page_id=6239"},"modified":"2025-05-11T17:00:10","modified_gmt":"2025-05-11T16:00:10","slug":"mot-de-bienvenue","status":"publish","type":"page","link":"https:\/\/enseignementsuptchad.net\/ar\/mot-de-bienvenue\/","title":{"rendered":"Mot de Bienvenue"},"content":{"rendered":"<div data-elementor-type=\"wp-page\" data-elementor-id=\"6239\" class=\"elementor elementor-6239\" data-elementor-post-type=\"page\">\n\t\t\t\t<div class=\"elementor-element elementor-element-1f4358c e-con-full e-flex e-con e-parent\" data-id=\"1f4358c\" data-element_type=\"container\" data-e-type=\"container\">\n\t\t\t\t<div class=\"elementor-element elementor-element-3affd34 elementor-drop-cap-yes elementor-drop-cap-view-default elementor-widget elementor-widget-text-editor\" data-id=\"3affd34\" data-element_type=\"widget\" data-e-type=\"widget\" data-settings=\"{&quot;drop_cap&quot;:&quot;yes&quot;}\" data-widget_type=\"text-editor.default\">\n\t\t\t\t<div class=\"elementor-widget-container\">\n\t\t\t\t\t\t\t\t\t<h6><img class=\"wp-image-7111 alignleft lws-optimize-lazyload\"  alt=\"\" width=\"146\" height=\"164\" ><\/h6><p>Chers internautes, je vous souhaite la bienvenue sur le site web officiel du Minist\u00e8re de l\u2019Enseignement Sup\u00e9rieur, de la Recherche Scientifique et de la Formation Professionnelle (MESRSFP). L\u2019ambition de notre site internet est de devenir un outil d\u2019information, de communication et de formation pour notre d\u00e9partement minist\u00e9riel.<\/p><p>Le fondement de la philosophie interactive et le souci quotidien du Gouvernement \u00e0 travers le MESRSFP sont bas\u00e9s sur la satisfaction de l\u2019utilisateur, la fid\u00e9lisation de nos cibles (internes et externes) ainsi que le progr\u00e8s significatif de nos r\u00e9alisations telles que conf\u00e9r\u00e9es dans notre organigramme lequel tire sa source dans les structures g\u00e9n\u00e9rales du Gouvernement.<\/p><p>D\u00e9couvrez au fil de votre visite notre vision des technologies, de p\u00e9dagogie acad\u00e9mique, de l\u2019innovation, de la recherche scientifique, de la Coop\u00e9ration internationale ainsi que l\u2019atteinte des objectifs fix\u00e9s par le Gouvernement en mati\u00e8re de l\u2019enseignement sup\u00e9rieur.<\/p><p>Le MESRSFP en effet est situ\u00e9 au Building de Moursal dans le 3<sup>\u00e8me<\/sup> arrondissement de la ville de N\u2019Djamena. Merci de nous avoir visit\u00e9s.<\/p><p>Nous vous souhaitons une agr\u00e9able visite dans notre site web.<\/p><h4><strong>TOM ERDIMI, Ministre d\u2019\u00c9tat, Ministre de l\u2019Enseignement Sup\u00e9rieur, de la Recherche Scientifique et de Formation Professionnelle. \u00a0<\/strong><\/h4>\t\t\t\t\t\t\t\t<\/div>\n\t\t\t\t<\/div>\n\t\t\t\t<\/div>\n\t\t\t\t<\/div>","protected":false},"excerpt":{"rendered":"<p>Chers internautes, je vous souhaite la bienvenue sur le site web officiel du Minist\u00e8re de l\u2019Enseignement Sup\u00e9rieur, de la Recherche Scientifique et de la Formation Professionnelle (MESRSFP). L\u2019ambition de notre site internet est de devenir un outil d\u2019information, de communication et de formation pour notre d\u00e9partement minist\u00e9riel. Le fondement de [&hellip;]<\/p>","protected":false},"author":1,"featured_media":0,"parent":0,"menu_order":0,"comment_status":"closed","ping_status":"closed","template":"","meta":{"_eb_attr":"","footnotes":""},"class_list":["post-6239","page","type-page","status-publish","hentry"],"yoast_head":"<!-- This site is optimized with the Yoast SEO plugin v27.4 - https:\/\/yoast.com\/product\/yoast-seo-wordpress\/ -->\n<title>Mot de Bienvenue - Enseignement Sup\u00e9rieur du Tchad<\/title>\n<meta name=\"robots\" content=\"index, follow, max-snippet:-1, max-image-preview:large, max-video-preview:-1\" \/>\n<link rel=\"canonical\" href=\"https:\/\/enseignementsuptchad.net\/ar\/mot-de-bienvenue\/\" \/>\n<meta property=\"og:locale\" content=\"ar_AR\" \/>\n<meta property=\"og:type\" content=\"article\" \/>\n<meta property=\"og:title\" content=\"Mot de Bienvenue - Enseignement Sup\u00e9rieur du Tchad\" \/>\n<meta property=\"og:description\" content=\"Chers internautes, je vous souhaite la bienvenue sur le site web officiel du Minist\u00e8re de l\u2019Enseignement Sup\u00e9rieur, de la Recherche Scientifique et de la Formation Professionnelle (MESRSFP). L\u2019ambition de notre site internet est de devenir un outil d\u2019information, de communication et de formation pour notre d\u00e9partement minist\u00e9riel. Le fondement de [&hellip;]\" \/>\n<meta property=\"og:url\" content=\"https:\/\/enseignementsuptchad.net\/ar\/mot-de-bienvenue\/\" \/>\n<meta property=\"og:site_name\" content=\"Enseignement Sup\u00e9rieur du Tchad\" \/>\n<meta property=\"article:modified_time\" content=\"2025-05-11T16:00:10+00:00\" \/>\n<meta property=\"og:image\" content=\"https:\/\/enseignementsuptchad.net\/wp-content\/uploads\/2025\/05\/813168e2-0e9b-4dd7-a684-80f802ad9da0-768x614-1-e1746800584527-266x300.jpeg\" \/>\n<meta name=\"twitter:card\" content=\"summary_large_image\" \/>\n<meta name=\"twitter:label1\" content=\"\u0648\u0642\u062a \u0627\u0644\u0642\u0631\u0627\u0621\u0629 \u0627\u0644\u0645\u064f\u0642\u062f\u0651\u0631\" \/>\n\t<meta name=\"twitter:data1\" content=\"\u062f\u0642\u064a\u0642\u062a\u0627\u0646\" \/>\n<script type=\"application\/ld+json\" class=\"yoast-schema-graph\">{\"@context\":\"https:\\\/\\\/schema.org\",\"@graph\":[{\"@type\":\"WebPage\",\"@id\":\"https:\\\/\\\/enseignementsuptchad.net\\\/mot-de-bienvenue\\\/\",\"url\":\"https:\\\/\\\/enseignementsuptchad.net\\\/mot-de-bienvenue\\\/\",\"name\":\"Mot de Bienvenue - Enseignement Sup\u00e9rieur du Tchad\",\"isPartOf\":{\"@id\":\"https:\\\/\\\/enseignementsuptchad.net\\\/#website\"},\"primaryImageOfPage\":{\"@id\":\"https:\\\/\\\/enseignementsuptchad.net\\\/mot-de-bienvenue\\\/#primaryimage\"},\"image\":{\"@id\":\"https:\\\/\\\/enseignementsuptchad.net\\\/mot-de-bienvenue\\\/#primaryimage\"},\"thumbnailUrl\":\"https:\\\/\\\/enseignementsuptchad.net\\\/wp-content\\\/uploads\\\/2025\\\/05\\\/813168e2-0e9b-4dd7-a684-80f802ad9da0-768x614-1-e1746800584527-266x300.jpeg\",\"datePublished\":\"2025-04-19T09:50:42+00:00\",\"dateModified\":\"2025-05-11T16:00:10+00:00\",\"breadcrumb\":{\"@id\":\"https:\\\/\\\/enseignementsuptchad.net\\\/mot-de-bienvenue\\\/#breadcrumb\"},\"inLanguage\":\"ar\",\"potentialAction\":[{\"@type\":\"ReadAction\",\"target\":[\"https:\\\/\\\/enseignementsuptchad.net\\\/mot-de-bienvenue\\\/\"]}]},{\"@type\":\"ImageObject\",\"inLanguage\":\"ar\",\"@id\":\"https:\\\/\\\/enseignementsuptchad.net\\\/mot-de-bienvenue\\\/#primaryimage\",\"url\":\"https:\\\/\\\/enseignementsuptchad.net\\\/wp-content\\\/uploads\\\/2025\\\/05\\\/813168e2-0e9b-4dd7-a684-80f802ad9da0-768x614-1-e1746800584527-266x300.jpeg\",\"contentUrl\":\"https:\\\/\\\/enseignementsuptchad.net\\\/wp-content\\\/uploads\\\/2025\\\/05\\\/813168e2-0e9b-4dd7-a684-80f802ad9da0-768x614-1-e1746800584527-266x300.jpeg\"},{\"@type\":\"BreadcrumbList\",\"@id\":\"https:\\\/\\\/enseignementsuptchad.net\\\/mot-de-bienvenue\\\/#breadcrumb\",\"itemListElement\":[{\"@type\":\"ListItem\",\"position\":1,\"name\":\"Home\",\"item\":\"https:\\\/\\\/enseignementsuptchad.net\\\/\"},{\"@type\":\"ListItem\",\"position\":2,\"name\":\"Mot de Bienvenue\"}]},{\"@type\":\"WebSite\",\"@id\":\"https:\\\/\\\/enseignementsuptchad.net\\\/#website\",\"url\":\"https:\\\/\\\/enseignementsuptchad.net\\\/\",\"name\":\"Enseignement Sup\u00e9rieur du Tchad\",\"description\":\"\",\"publisher\":{\"@id\":\"https:\\\/\\\/enseignementsuptchad.net\\\/#organization\"},\"potentialAction\":[{\"@type\":\"SearchAction\",\"target\":{\"@type\":\"EntryPoint\",\"urlTemplate\":\"https:\\\/\\\/enseignementsuptchad.net\\\/?s={search_term_string}\"},\"query-input\":{\"@type\":\"PropertyValueSpecification\",\"valueRequired\":true,\"valueName\":\"search_term_string\"}}],\"inLanguage\":\"ar\"},{\"@type\":\"Organization\",\"@id\":\"https:\\\/\\\/enseignementsuptchad.net\\\/#organization\",\"name\":\"Enseignement Sup\u00e9rieur du Tchad\",\"url\":\"https:\\\/\\\/enseignementsuptchad.net\\\/\",\"logo\":{\"@type\":\"ImageObject\",\"inLanguage\":\"ar\",\"@id\":\"https:\\\/\\\/enseignementsuptchad.net\\\/#\\\/schema\\\/logo\\\/image\\\/\",\"url\":\"https:\\\/\\\/enseignementsuptchad.net\\\/wp-content\\\/uploads\\\/2025\\\/04\\\/cropped-Plan-de-travail-1-1-1-e1748262558104.png\",\"contentUrl\":\"https:\\\/\\\/enseignementsuptchad.net\\\/wp-content\\\/uploads\\\/2025\\\/04\\\/cropped-Plan-de-travail-1-1-1-e1748262558104.png\",\"width\":162,\"height\":136,\"caption\":\"Enseignement Sup\u00e9rieur du Tchad\"},\"image\":{\"@id\":\"https:\\\/\\\/enseignementsuptchad.net\\\/#\\\/schema\\\/logo\\\/image\\\/\"}}]}<\/script>\n<!-- \/ Yoast SEO plugin. -->","yoast_head_json":{"title":"Mot de Bienvenue - Enseignement Sup\u00e9rieur du Tchad","robots":{"index":"index","follow":"follow","max-snippet":"max-snippet:-1","max-image-preview":"max-image-preview:large","max-video-preview":"max-video-preview:-1"},"canonical":"https:\/\/enseignementsuptchad.net\/ar\/mot-de-bienvenue\/","og_locale":"ar_AR","og_type":"article","og_title":"Mot de Bienvenue - Enseignement Sup\u00e9rieur du Tchad","og_description":"Chers internautes, je vous souhaite la bienvenue sur le site web officiel du Minist\u00e8re de l\u2019Enseignement Sup\u00e9rieur, de la Recherche Scientifique et de la Formation Professionnelle (MESRSFP). L\u2019ambition de notre site internet est de devenir un outil d\u2019information, de communication et de formation pour notre d\u00e9partement minist\u00e9riel. Le fondement de [&hellip;]","og_url":"https:\/\/enseignementsuptchad.net\/ar\/mot-de-bienvenue\/","og_site_name":"Enseignement Sup\u00e9rieur du Tchad","article_modified_time":"2025-05-11T16:00:10+00:00","og_image":[{"url":"https:\/\/enseignementsuptchad.net\/wp-content\/uploads\/2025\/05\/813168e2-0e9b-4dd7-a684-80f802ad9da0-768x614-1-e1746800584527-266x300.jpeg","type":"","width":"","height":""}],"twitter_card":"summary_large_image","twitter_misc":{"\u0648\u0642\u062a \u0627\u0644\u0642\u0631\u0627\u0621\u0629 \u0627\u0644\u0645\u064f\u0642\u062f\u0651\u0631":"\u062f\u0642\u064a\u0642\u062a\u0627\u0646"},"schema":{"@context":"https:\/\/schema.org","@graph":[{"@type":"WebPage","@id":"https:\/\/enseignementsuptchad.net\/mot-de-bienvenue\/","url":"https:\/\/enseignementsuptchad.net\/mot-de-bienvenue\/","name":"Mot de Bienvenue - Enseignement Sup\u00e9rieur du Tchad","isPartOf":{"@id":"https:\/\/enseignementsuptchad.net\/#website"},"primaryImageOfPage":{"@id":"https:\/\/enseignementsuptchad.net\/mot-de-bienvenue\/#primaryimage"},"image":{"@id":"https:\/\/enseignementsuptchad.net\/mot-de-bienvenue\/#primaryimage"},"thumbnailUrl":"https:\/\/enseignementsuptchad.net\/wp-content\/uploads\/2025\/05\/813168e2-0e9b-4dd7-a684-80f802ad9da0-768x614-1-e1746800584527-266x300.jpeg","datePublished":"2025-04-19T09:50:42+00:00","dateModified":"2025-05-11T16:00:10+00:00","breadcrumb":{"@id":"https:\/\/enseignementsuptchad.net\/mot-de-bienvenue\/#breadcrumb"},"inLanguage":"ar","potentialAction":[{"@type":"ReadAction","target":["https:\/\/enseignementsuptchad.net\/mot-de-bienvenue\/"]}]},{"@type":"ImageObject","inLanguage":"ar","@id":"https:\/\/enseignementsuptchad.net\/mot-de-bienvenue\/#primaryimage","url":"https:\/\/enseignementsuptchad.net\/wp-content\/uploads\/2025\/05\/813168e2-0e9b-4dd7-a684-80f802ad9da0-768x614-1-e1746800584527-266x300.jpeg","contentUrl":"https:\/\/enseignementsuptchad.net\/wp-content\/uploads\/2025\/05\/813168e2-0e9b-4dd7-a684-80f802ad9da0-768x614-1-e1746800584527-266x300.jpeg"},{"@type":"BreadcrumbList","@id":"https:\/\/enseignementsuptchad.net\/mot-de-bienvenue\/#breadcrumb","itemListElement":[{"@type":"ListItem","position":1,"name":"Home","item":"https:\/\/enseignementsuptchad.net\/"},{"@type":"ListItem","position":2,"name":"Mot de Bienvenue"}]},{"@type":"WebSite","@id":"https:\/\/enseignementsuptchad.net\/#website","url":"https:\/\/enseignementsuptchad.net\/","name":"Enseignement Sup\u00e9rieur du Tchad","description":"","publisher":{"@id":"https:\/\/enseignementsuptchad.net\/#organization"},"potentialAction":[{"@type":"SearchAction","target":{"@type":"EntryPoint","urlTemplate":"https:\/\/enseignementsuptchad.net\/?s={search_term_string}"},"query-input":{"@type":"PropertyValueSpecification","valueRequired":true,"valueName":"search_term_string"}}],"inLanguage":"ar"},{"@type":"Organization","@id":"https:\/\/enseignementsuptchad.net\/#organization","name":"Enseignement Sup\u00e9rieur du Tchad","url":"https:\/\/enseignementsuptchad.net\/","logo":{"@type":"ImageObject","inLanguage":"ar","@id":"https:\/\/enseignementsuptchad.net\/#\/schema\/logo\/image\/","url":"https:\/\/enseignementsuptchad.net\/wp-content\/uploads\/2025\/04\/cropped-Plan-de-travail-1-1-1-e1748262558104.png","contentUrl":"https:\/\/enseignementsuptchad.net\/wp-content\/uploads\/2025\/04\/cropped-Plan-de-travail-1-1-1-e1748262558104.png","width":162,"height":136,"caption":"Enseignement Sup\u00e9rieur du Tchad"},"image":{"@id":"https:\/\/enseignementsuptchad.net\/#\/schema\/logo\/image\/"}}]}},"_links":{"self":[{"href":"https:\/\/enseignementsuptchad.net\/ar\/wp-json\/wp\/v2\/pages\/6239","targetHints":{"allow":["GET"]}}],"collection":[{"href":"https:\/\/enseignementsuptchad.net\/ar\/wp-json\/wp\/v2\/pages"}],"about":[{"href":"https:\/\/enseignementsuptchad.net\/ar\/wp-json\/wp\/v2\/types\/page"}],"author":[{"embeddable":true,"href":"https:\/\/enseignementsuptchad.net\/ar\/wp-json\/wp\/v2\/users\/1"}],"replies":[{"embeddable":true,"href":"https:\/\/enseignementsuptchad.net\/ar\/wp-json\/wp\/v2\/comments?post=6239"}],"version-history":[{"count":29,"href":"https:\/\/enseignementsuptchad.net\/ar\/wp-json\/wp\/v2\/pages\/6239\/revisions"}],"predecessor-version":[{"id":7288,"href":"https:\/\/enseignementsuptchad.net\/ar\/wp-json\/wp\/v2\/pages\/6239\/revisions\/7288"}],"wp:attachment":[{"href":"https:\/\/enseignementsuptchad.net\/ar\/wp-json\/wp\/v2\/media?parent=6239"}],"curies":[{"name":"wp","href":"https:\/\/api.w.org\/{rel}","templated":true}]}}