{"id":6252,"date":"2025-04-19T12:18:58","date_gmt":"2025-04-19T10:18:58","guid":{"rendered":"https:\/\/enseignementsuptchad.net\/?page_id=6252"},"modified":"2025-05-11T14:00:11","modified_gmt":"2025-05-11T13:00:11","slug":"mission","status":"publish","type":"page","link":"https:\/\/enseignementsuptchad.net\/ar\/mission\/","title":{"rendered":"Mission"},"content":{"rendered":"<p>Le Minist\u00e8re de l\u2019enseignement sup\u00e9rieur, de la recherche scientifique et la formation professionnelle au Tchad joue un r\u00f4le fondamental dans le d\u00e9veloppement national, tel que d\u00e9fini dans la Loi n\u00b0016\/PR\/06 du 13 mars 2006 portant orientation du Syst\u00e8me \u00c9ducatif Tchadien .<\/p>\n\n\n\n<p><strong>Objectif 1 :<\/strong><\/p>\n\n\n\n<p>Former des cadres sup\u00e9rieurs capables de contribuer \u00e0 la cr\u00e9ation et au d\u00e9veloppement de biens mat\u00e9riels<\/p>\n\n\n\n<p><strong>Objectif 2 :<\/strong><\/p>\n\n\n\n<p>Fournir \u00e0 l\u2019\u00c9tat et aux secteurs \u00e9conomiques des ressources humaines qualifi\u00e9es pour encadrer les populations<\/p>\n\n\n\n<p><strong>Objectif 3: <\/strong>&nbsp;&nbsp;&nbsp;&nbsp;&nbsp;&nbsp;&nbsp;&nbsp;&nbsp;&nbsp;&nbsp;&nbsp;&nbsp;&nbsp;&nbsp;&nbsp;&nbsp;&nbsp;<\/p>\n\n\n\n<p>Stimuler la cr\u00e9ation de richesses et promouvoir la recherche scientifique et technique<\/p>","protected":false},"excerpt":{"rendered":"<p>Le Minist\u00e8re de l\u2019enseignement sup\u00e9rieur, de la recherche scientifique et la formation professionnelle au Tchad joue un r\u00f4le fondamental dans le d\u00e9veloppement national, tel que d\u00e9fini dans la Loi n\u00b0016\/PR\/06 du 13 mars 2006 portant orientation du Syst\u00e8me \u00c9ducatif Tchadien . Objectif 1 : Former des cadres sup\u00e9rieurs capables de [&hellip;]<\/p>","protected":false},"author":1,"featured_media":0,"parent":0,"menu_order":0,"comment_status":"closed","ping_status":"closed","template":"","meta":{"_eb_attr":"","footnotes":""},"class_list":["post-6252","page","type-page","status-publish","hentry"],"yoast_head":"<!-- This site is optimized with the Yoast SEO plugin v27.3 - https:\/\/yoast.com\/product\/yoast-seo-wordpress\/ -->\n<title>Mission - Enseignement Sup\u00e9rieur du Tchad<\/title>\n<meta name=\"robots\" content=\"index, follow, max-snippet:-1, max-image-preview:large, max-video-preview:-1\" \/>\n<link rel=\"canonical\" href=\"https:\/\/enseignementsuptchad.net\/ar\/mission\/\" \/>\n<meta property=\"og:locale\" content=\"ar_AR\" \/>\n<meta property=\"og:type\" content=\"article\" \/>\n<meta property=\"og:title\" content=\"Mission - Enseignement Sup\u00e9rieur du Tchad\" \/>\n<meta property=\"og:description\" content=\"Le Minist\u00e8re de l\u2019enseignement sup\u00e9rieur, de la recherche scientifique et la formation professionnelle au Tchad joue un r\u00f4le fondamental dans le d\u00e9veloppement national, tel que d\u00e9fini dans la Loi n\u00b0016\/PR\/06 du 13 mars 2006 portant orientation du Syst\u00e8me \u00c9ducatif Tchadien . Objectif 1 : Former des cadres sup\u00e9rieurs capables de [&hellip;]\" \/>\n<meta property=\"og:url\" content=\"https:\/\/enseignementsuptchad.net\/ar\/mission\/\" \/>\n<meta property=\"og:site_name\" content=\"Enseignement Sup\u00e9rieur du Tchad\" \/>\n<meta property=\"article:modified_time\" content=\"2025-05-11T13:00:11+00:00\" \/>\n<meta name=\"twitter:card\" content=\"summary_large_image\" \/>\n<meta name=\"twitter:label1\" content=\"\u0648\u0642\u062a \u0627\u0644\u0642\u0631\u0627\u0621\u0629 \u0627\u0644\u0645\u064f\u0642\u062f\u0651\u0631\" \/>\n\t<meta name=\"twitter:data1\" content=\"\u062f\u0642\u064a\u0642\u0629 \u0648\u0627\u062d\u062f\u0629\" \/>\n<script type=\"application\/ld+json\" class=\"yoast-schema-graph\">{\"@context\":\"https:\\\/\\\/schema.org\",\"@graph\":[{\"@type\":\"WebPage\",\"@id\":\"https:\\\/\\\/enseignementsuptchad.net\\\/mission\\\/\",\"url\":\"https:\\\/\\\/enseignementsuptchad.net\\\/mission\\\/\",\"name\":\"Mission - Enseignement Sup\u00e9rieur du Tchad\",\"isPartOf\":{\"@id\":\"https:\\\/\\\/enseignementsuptchad.net\\\/#website\"},\"datePublished\":\"2025-04-19T10:18:58+00:00\",\"dateModified\":\"2025-05-11T13:00:11+00:00\",\"breadcrumb\":{\"@id\":\"https:\\\/\\\/enseignementsuptchad.net\\\/mission\\\/#breadcrumb\"},\"inLanguage\":\"ar\",\"potentialAction\":[{\"@type\":\"ReadAction\",\"target\":[\"https:\\\/\\\/enseignementsuptchad.net\\\/mission\\\/\"]}]},{\"@type\":\"BreadcrumbList\",\"@id\":\"https:\\\/\\\/enseignementsuptchad.net\\\/mission\\\/#breadcrumb\",\"itemListElement\":[{\"@type\":\"ListItem\",\"position\":1,\"name\":\"Home\",\"item\":\"https:\\\/\\\/enseignementsuptchad.net\\\/\"},{\"@type\":\"ListItem\",\"position\":2,\"name\":\"Mission\"}]},{\"@type\":\"WebSite\",\"@id\":\"https:\\\/\\\/enseignementsuptchad.net\\\/#website\",\"url\":\"https:\\\/\\\/enseignementsuptchad.net\\\/\",\"name\":\"Enseignement Sup\u00e9rieur du Tchad\",\"description\":\"\",\"publisher\":{\"@id\":\"https:\\\/\\\/enseignementsuptchad.net\\\/#organization\"},\"potentialAction\":[{\"@type\":\"SearchAction\",\"target\":{\"@type\":\"EntryPoint\",\"urlTemplate\":\"https:\\\/\\\/enseignementsuptchad.net\\\/?s={search_term_string}\"},\"query-input\":{\"@type\":\"PropertyValueSpecification\",\"valueRequired\":true,\"valueName\":\"search_term_string\"}}],\"inLanguage\":\"ar\"},{\"@type\":\"Organization\",\"@id\":\"https:\\\/\\\/enseignementsuptchad.net\\\/#organization\",\"name\":\"Enseignement Sup\u00e9rieur du Tchad\",\"url\":\"https:\\\/\\\/enseignementsuptchad.net\\\/\",\"logo\":{\"@type\":\"ImageObject\",\"inLanguage\":\"ar\",\"@id\":\"https:\\\/\\\/enseignementsuptchad.net\\\/#\\\/schema\\\/logo\\\/image\\\/\",\"url\":\"https:\\\/\\\/enseignementsuptchad.net\\\/wp-content\\\/uploads\\\/2025\\\/04\\\/cropped-Plan-de-travail-1-1-1-e1748262558104.png\",\"contentUrl\":\"https:\\\/\\\/enseignementsuptchad.net\\\/wp-content\\\/uploads\\\/2025\\\/04\\\/cropped-Plan-de-travail-1-1-1-e1748262558104.png\",\"width\":162,\"height\":136,\"caption\":\"Enseignement Sup\u00e9rieur du Tchad\"},\"image\":{\"@id\":\"https:\\\/\\\/enseignementsuptchad.net\\\/#\\\/schema\\\/logo\\\/image\\\/\"}}]}<\/script>\n<!-- \/ Yoast SEO plugin. -->","yoast_head_json":{"title":"Mission - Enseignement Sup\u00e9rieur du Tchad","robots":{"index":"index","follow":"follow","max-snippet":"max-snippet:-1","max-image-preview":"max-image-preview:large","max-video-preview":"max-video-preview:-1"},"canonical":"https:\/\/enseignementsuptchad.net\/ar\/mission\/","og_locale":"ar_AR","og_type":"article","og_title":"Mission - Enseignement Sup\u00e9rieur du Tchad","og_description":"Le Minist\u00e8re de l\u2019enseignement sup\u00e9rieur, de la recherche scientifique et la formation professionnelle au Tchad joue un r\u00f4le fondamental dans le d\u00e9veloppement national, tel que d\u00e9fini dans la Loi n\u00b0016\/PR\/06 du 13 mars 2006 portant orientation du Syst\u00e8me \u00c9ducatif Tchadien . Objectif 1 : Former des cadres sup\u00e9rieurs capables de [&hellip;]","og_url":"https:\/\/enseignementsuptchad.net\/ar\/mission\/","og_site_name":"Enseignement Sup\u00e9rieur du Tchad","article_modified_time":"2025-05-11T13:00:11+00:00","twitter_card":"summary_large_image","twitter_misc":{"\u0648\u0642\u062a \u0627\u0644\u0642\u0631\u0627\u0621\u0629 \u0627\u0644\u0645\u064f\u0642\u062f\u0651\u0631":"\u062f\u0642\u064a\u0642\u0629 \u0648\u0627\u062d\u062f\u0629"},"schema":{"@context":"https:\/\/schema.org","@graph":[{"@type":"WebPage","@id":"https:\/\/enseignementsuptchad.net\/mission\/","url":"https:\/\/enseignementsuptchad.net\/mission\/","name":"Mission - Enseignement Sup\u00e9rieur du Tchad","isPartOf":{"@id":"https:\/\/enseignementsuptchad.net\/#website"},"datePublished":"2025-04-19T10:18:58+00:00","dateModified":"2025-05-11T13:00:11+00:00","breadcrumb":{"@id":"https:\/\/enseignementsuptchad.net\/mission\/#breadcrumb"},"inLanguage":"ar","potentialAction":[{"@type":"ReadAction","target":["https:\/\/enseignementsuptchad.net\/mission\/"]}]},{"@type":"BreadcrumbList","@id":"https:\/\/enseignementsuptchad.net\/mission\/#breadcrumb","itemListElement":[{"@type":"ListItem","position":1,"name":"Home","item":"https:\/\/enseignementsuptchad.net\/"},{"@type":"ListItem","position":2,"name":"Mission"}]},{"@type":"WebSite","@id":"https:\/\/enseignementsuptchad.net\/#website","url":"https:\/\/enseignementsuptchad.net\/","name":"Enseignement Sup\u00e9rieur du Tchad","description":"","publisher":{"@id":"https:\/\/enseignementsuptchad.net\/#organization"},"potentialAction":[{"@type":"SearchAction","target":{"@type":"EntryPoint","urlTemplate":"https:\/\/enseignementsuptchad.net\/?s={search_term_string}"},"query-input":{"@type":"PropertyValueSpecification","valueRequired":true,"valueName":"search_term_string"}}],"inLanguage":"ar"},{"@type":"Organization","@id":"https:\/\/enseignementsuptchad.net\/#organization","name":"Enseignement Sup\u00e9rieur du Tchad","url":"https:\/\/enseignementsuptchad.net\/","logo":{"@type":"ImageObject","inLanguage":"ar","@id":"https:\/\/enseignementsuptchad.net\/#\/schema\/logo\/image\/","url":"https:\/\/enseignementsuptchad.net\/wp-content\/uploads\/2025\/04\/cropped-Plan-de-travail-1-1-1-e1748262558104.png","contentUrl":"https:\/\/enseignementsuptchad.net\/wp-content\/uploads\/2025\/04\/cropped-Plan-de-travail-1-1-1-e1748262558104.png","width":162,"height":136,"caption":"Enseignement Sup\u00e9rieur du Tchad"},"image":{"@id":"https:\/\/enseignementsuptchad.net\/#\/schema\/logo\/image\/"}}]}},"_links":{"self":[{"href":"https:\/\/enseignementsuptchad.net\/ar\/wp-json\/wp\/v2\/pages\/6252","targetHints":{"allow":["GET"]}}],"collection":[{"href":"https:\/\/enseignementsuptchad.net\/ar\/wp-json\/wp\/v2\/pages"}],"about":[{"href":"https:\/\/enseignementsuptchad.net\/ar\/wp-json\/wp\/v2\/types\/page"}],"author":[{"embeddable":true,"href":"https:\/\/enseignementsuptchad.net\/ar\/wp-json\/wp\/v2\/users\/1"}],"replies":[{"embeddable":true,"href":"https:\/\/enseignementsuptchad.net\/ar\/wp-json\/wp\/v2\/comments?post=6252"}],"version-history":[{"count":3,"href":"https:\/\/enseignementsuptchad.net\/ar\/wp-json\/wp\/v2\/pages\/6252\/revisions"}],"predecessor-version":[{"id":7705,"href":"https:\/\/enseignementsuptchad.net\/ar\/wp-json\/wp\/v2\/pages\/6252\/revisions\/7705"}],"wp:attachment":[{"href":"https:\/\/enseignementsuptchad.net\/ar\/wp-json\/wp\/v2\/media?parent=6252"}],"curies":[{"name":"wp","href":"https:\/\/api.w.org\/{rel}","templated":true}]}}