{"id":6292,"date":"2025-04-19T12:27:43","date_gmt":"2025-04-19T10:27:43","guid":{"rendered":"https:\/\/enseignementsuptchad.net\/?page_id=6292"},"modified":"2025-05-19T13:34:55","modified_gmt":"2025-05-19T12:34:55","slug":"ecoles","status":"publish","type":"page","link":"https:\/\/enseignementsuptchad.net\/ar\/ecoles\/","title":{"rendered":"Les Grandes Ecoles"},"content":{"rendered":"<div data-elementor-type=\"wp-page\" data-elementor-id=\"6292\" class=\"elementor elementor-6292\" data-elementor-post-type=\"page\">\n\t\t\t\t<div class=\"elementor-element elementor-element-45e09a9 e-flex e-con-boxed e-con e-parent\" data-id=\"45e09a9\" data-element_type=\"container\" data-e-type=\"container\" data-settings=\"{&quot;background_background&quot;:&quot;gradient&quot;}\">\n\t\t\t\t\t<div class=\"e-con-inner\">\n\t\t\t\t<div class=\"elementor-element elementor-element-9ca5e4d elementor-widget elementor-widget-text-editor\" data-id=\"9ca5e4d\" data-element_type=\"widget\" data-e-type=\"widget\" data-widget_type=\"text-editor.default\">\n\t\t\t\t<div class=\"elementor-widget-container\">\n\t\t\t\t\t\t\t\t\t<p>Le Minist\u00e8re de l\u2019Enseignement Sup\u00e9rieur compte quatre (04)\u00a0 Grandes \u00c9coles Normales Sup\u00e9rieures pour former des enseignants des coll\u00e8ges et lyc\u00e9es repartie dans (04) provinces du Tchad le r\u00e9sum\u00e9 est sur le tableau ci-dessous<\/p>\t\t\t\t\t\t\t\t<\/div>\n\t\t\t\t<\/div>\n\t\t\t\t\t<\/div>\n\t\t\t\t<\/div>\n\t\t<div class=\"elementor-element elementor-element-4653440 e-grid e-con-boxed e-con e-parent\" data-id=\"4653440\" data-element_type=\"container\" data-e-type=\"container\">\n\t\t\t\t\t<div class=\"e-con-inner\">\n\t\t\t\t<div class=\"elementor-element elementor-element-8c89530 elementor-widget elementor-widget-image\" data-id=\"8c89530\" data-element_type=\"widget\" data-e-type=\"widget\" data-widget_type=\"image.default\">\n\t\t\t\t<div class=\"elementor-widget-container\">\n\t\t\t\t\t\t\t\t\t\t\t\t<figure class=\"wp-caption\">\n\t\t\t\t\t\t\t\t\t\t\t<a href=\"https:\/\/www.facebook.com\/share\/1AdJoyWRWa\/\">\n\t\t\t\t\t\t\t<img fetchpriority=\"high\" width=\"225\" height=\"225\"  class=\"attachment-medium_large size-medium_large wp-image-6930 lws-optimize-lazyload\" alt=\"\" srcset=\"https:\/\/enseignementsuptchad.net\/wp-content\/uploads\/2025\/05\/ens-ndjamena.jpeg 225w, https:\/\/enseignementsuptchad.net\/wp-content\/uploads\/2025\/05\/ens-ndjamena-150x150.jpeg 150w\" sizes=\"(max-width: 225px) 100vw, 225px\" >\t\t\t\t\t\t\t\t<\/a>\n\t\t\t\t\t\t\t\t\t\t\t<figcaption class=\"widget-image-caption wp-caption-text\">Ecole Normale Sup\u00e9rieure de N'Djamena<\/figcaption>\n\t\t\t\t\t\t\t\t\t\t<\/figure>\n\t\t\t\t\t\t\t\t\t<\/div>\n\t\t\t\t<\/div>\n\t\t\t\t<div class=\"elementor-element elementor-element-c975025 elementor-widget elementor-widget-image\" data-id=\"c975025\" data-element_type=\"widget\" data-e-type=\"widget\" data-widget_type=\"image.default\">\n\t\t\t\t<div class=\"elementor-widget-container\">\n\t\t\t\t\t\t\t\t\t\t\t\t<figure class=\"wp-caption\">\n\t\t\t\t\t\t\t\t\t\t\t<a href=\"https:\/\/www.facebook.com\/share\/15qqA1ZWfY\/\">\n\t\t\t\t\t\t\t<img width=\"190\" height=\"186\"  class=\"attachment-2048x2048 size-2048x2048 wp-image-7498 lws-optimize-lazyload\" alt=\"\" srcset=\"https:\/\/enseignementsuptchad.net\/wp-content\/uploads\/2025\/05\/IMG-20250518-WA0004.jpg 190w, https:\/\/enseignementsuptchad.net\/wp-content\/uploads\/2025\/05\/IMG-20250518-WA0004-12x12.jpg 12w\" sizes=\"(max-width: 190px) 100vw, 190px\" >\t\t\t\t\t\t\t\t<\/a>\n\t\t\t\t\t\t\t\t\t\t\t<figcaption class=\"widget-image-caption wp-caption-text\">Ecole Normale Sup\u00e9rieure de Bongor<\/figcaption>\n\t\t\t\t\t\t\t\t\t\t<\/figure>\n\t\t\t\t\t\t\t\t\t<\/div>\n\t\t\t\t<\/div>\n\t\t\t\t<div class=\"elementor-element elementor-element-58025fa elementor-widget elementor-widget-image\" data-id=\"58025fa\" data-element_type=\"widget\" data-e-type=\"widget\" data-widget_type=\"image.default\">\n\t\t\t\t<div class=\"elementor-widget-container\">\n\t\t\t\t\t\t\t\t\t\t\t\t<figure class=\"wp-caption\">\n\t\t\t\t\t\t\t\t\t\t\t<a href=\"https:\/\/ens-abeche.td\">\n\t\t\t\t\t\t\t<img width=\"227\" height=\"222\"  class=\"attachment-large size-large wp-image-6938 lws-optimize-lazyload\" alt=\"\" >\t\t\t\t\t\t\t\t<\/a>\n\t\t\t\t\t\t\t\t\t\t\t<figcaption class=\"widget-image-caption wp-caption-text\">Ecole Normale Sup\u00e9rieure d'Ab\u00e9ch\u00e9<\/figcaption>\n\t\t\t\t\t\t\t\t\t\t<\/figure>\n\t\t\t\t\t\t\t\t\t<\/div>\n\t\t\t\t<\/div>\n\t\t\t\t<div class=\"elementor-element elementor-element-da5d11c elementor-widget elementor-widget-image\" data-id=\"da5d11c\" data-element_type=\"widget\" data-e-type=\"widget\" data-widget_type=\"image.default\">\n\t\t\t\t<div class=\"elementor-widget-container\">\n\t\t\t\t\t\t\t\t\t\t\t\t<figure class=\"wp-caption\">\n\t\t\t\t\t\t\t\t\t\t\t<a href=\"https:\/\/www.facebook.com\/share\/p\/16Vp4GYTDF\/\">\n\t\t\t\t\t\t\t<img loading=\"lazy\" width=\"210\" height=\"187\"  class=\"attachment-large size-large wp-image-7503 lws-optimize-lazyload\" alt=\"\" srcset=\"https:\/\/enseignementsuptchad.net\/wp-content\/uploads\/2025\/05\/IMG-20250518-WA0003.jpg 210w, https:\/\/enseignementsuptchad.net\/wp-content\/uploads\/2025\/05\/IMG-20250518-WA0003-13x12.jpg 13w\" sizes=\"(max-width: 210px) 100vw, 210px\" >\t\t\t\t\t\t\t\t<\/a>\n\t\t\t\t\t\t\t\t\t\t\t<figcaption class=\"widget-image-caption wp-caption-text\">ENSETS<\/figcaption>\n\t\t\t\t\t\t\t\t\t\t<\/figure>\n\t\t\t\t\t\t\t\t\t<\/div>\n\t\t\t\t<\/div>\n\t\t\t\t\t<\/div>\n\t\t\t\t<\/div>\n\t\t<div class=\"elementor-element elementor-element-cc3f127 e-flex e-con-boxed e-con e-parent\" data-id=\"cc3f127\" data-element_type=\"container\" data-e-type=\"container\">\n\t\t\t\t\t<div class=\"e-con-inner\">\n\t\t\t\t<div class=\"elementor-element elementor-element-302e2b7 elementor-widget elementor-widget-tablepress-table\" data-id=\"302e2b7\" data-element_type=\"widget\" data-e-type=\"widget\" data-widget_type=\"tablepress-table.default\">\n\t\t\t\t\t\n<table id=\"tablepress-3\" class=\"tablepress tablepress-id-3\">\n<thead>\n<tr class=\"row-1\">\n\t<th class=\"column-1\"><strong>Nom<\/strong><\/th><th class=\"column-2\"><strong>Province<\/strong><\/th><th class=\"column-3\"><strong>Eff. G<\/strong><\/th><th class=\"column-4\"><strong>Eff. F<\/strong><\/th><th class=\"column-5\"><strong>Eff. T<\/strong><\/th>\n<\/tr>\n<\/thead>\n<tbody class=\"row-striping row-hover\">\n<tr class=\"row-2\">\n\t<td class=\"column-1\"><strong>Ecole Normale Sup\u00e9rieure d\u2019Ab\u00e9ch\u00e9<\/strong><\/td><td class=\"column-2\"><strong>Ouadda\u00ef<\/strong><\/td><td class=\"column-3\">720<\/td><td class=\"column-4\">780<\/td><td class=\"column-5\">1500<\/td>\n<\/tr>\n<tr class=\"row-3\">\n\t<td class=\"column-1\"><strong>Ecole Normale Sup\u00e9rieure de Bongor<\/strong><\/td><td class=\"column-2\"><strong>Mayo-Kebbi Est<\/strong><\/td><td class=\"column-3\">1804<\/td><td class=\"column-4\">621<\/td><td class=\"column-5\">2425<\/td>\n<\/tr>\n<tr class=\"row-4\">\n\t<td class=\"column-1\"><strong>Ecole Normale Sup\u00e9rieure de N\u2019Djamena<\/strong><\/td><td class=\"column-2\"><strong>N'Djamena<\/strong><\/td><td class=\"column-3\">2216<\/td><td class=\"column-4\">1050<\/td><td class=\"column-5\">3266<\/td>\n<\/tr>\n<tr class=\"row-5\">\n\t<td class=\"column-1\"><strong>Ecole Normale Sup\u00e9rieure de Sarh<\/strong><\/td><td class=\"column-2\"><strong>Moyen-Chari<\/strong><\/td><td class=\"column-3\">277<\/td><td class=\"column-4\">295<\/td><td class=\"column-5\">572<\/td>\n<\/tr>\n<tr class=\"row-6\">\n\t<td class=\"column-1\"><strong>TOTAL<\/strong><\/td><td class=\"column-2\"><\/td><td class=\"column-3\"><strong>5017<\/strong><\/td><td class=\"column-4\"><strong>2746<\/strong><\/td><td class=\"column-5\"><strong>7763<\/strong><\/td>\n<\/tr>\n<\/tbody>\n<\/table>\n<!-- #tablepress-3 from cache -->\t\t\t\t<\/div>\n\t\t\t\t\t<\/div>\n\t\t\t\t<\/div>\n\t\t<div class=\"elementor-element elementor-element-deda5c2 e-grid e-con-boxed e-con e-parent\" data-id=\"deda5c2\" data-element_type=\"container\" data-e-type=\"container\">\n\t\t\t\t\t<div class=\"e-con-inner\">\n\t\t\t\t\t<\/div>\n\t\t\t\t<\/div>\n\t\t\t\t<\/div>","protected":false},"excerpt":{"rendered":"<p>Le Minist\u00e8re de l\u2019Enseignement Sup\u00e9rieur compte quatre (04)\u00a0 Grandes \u00c9coles Normales Sup\u00e9rieures pour former des enseignants des coll\u00e8ges et lyc\u00e9es repartie dans (04) provinces du Tchad le r\u00e9sum\u00e9 est sur le tableau ci-dessous Ecole Normale Sup\u00e9rieure de N&rsquo;Djamena Ecole Normale Sup\u00e9rieure de Bongor Ecole Normale Sup\u00e9rieure d&rsquo;Ab\u00e9ch\u00e9 ENSETS Modifier Nom [&hellip;]<\/p>","protected":false},"author":1,"featured_media":0,"parent":0,"menu_order":0,"comment_status":"closed","ping_status":"closed","template":"","meta":{"_eb_attr":"","footnotes":""},"class_list":["post-6292","page","type-page","status-publish","hentry"],"yoast_head":"<!-- This site is optimized with the Yoast SEO plugin v27.4 - https:\/\/yoast.com\/product\/yoast-seo-wordpress\/ -->\n<title>Les Grandes Ecoles - Enseignement Sup\u00e9rieur du Tchad<\/title>\n<meta name=\"robots\" content=\"index, follow, max-snippet:-1, max-image-preview:large, max-video-preview:-1\" \/>\n<link rel=\"canonical\" href=\"https:\/\/enseignementsuptchad.net\/ar\/ecoles\/\" \/>\n<meta property=\"og:locale\" content=\"ar_AR\" \/>\n<meta property=\"og:type\" content=\"article\" \/>\n<meta property=\"og:title\" content=\"Les Grandes Ecoles - Enseignement Sup\u00e9rieur du Tchad\" \/>\n<meta property=\"og:description\" content=\"Le Minist\u00e8re de l\u2019Enseignement Sup\u00e9rieur compte quatre (04)\u00a0 Grandes \u00c9coles Normales Sup\u00e9rieures pour former des enseignants des coll\u00e8ges et lyc\u00e9es repartie dans (04) provinces du Tchad le r\u00e9sum\u00e9 est sur le tableau ci-dessous Ecole Normale Sup\u00e9rieure de N&rsquo;Djamena Ecole Normale Sup\u00e9rieure de Bongor Ecole Normale Sup\u00e9rieure d&rsquo;Ab\u00e9ch\u00e9 ENSETS Modifier Nom [&hellip;]\" \/>\n<meta property=\"og:url\" content=\"https:\/\/enseignementsuptchad.net\/ar\/ecoles\/\" \/>\n<meta property=\"og:site_name\" content=\"Enseignement Sup\u00e9rieur du Tchad\" \/>\n<meta property=\"article:modified_time\" content=\"2025-05-19T12:34:55+00:00\" \/>\n<meta property=\"og:image\" content=\"https:\/\/enseignementsuptchad.net\/wp-content\/uploads\/2025\/05\/ens-ndjamena.jpeg\" \/>\n\t<meta property=\"og:image:width\" content=\"225\" \/>\n\t<meta property=\"og:image:height\" content=\"225\" \/>\n\t<meta property=\"og:image:type\" content=\"image\/jpeg\" \/>\n<meta name=\"twitter:card\" content=\"summary_large_image\" \/>\n<meta name=\"twitter:label1\" content=\"\u0648\u0642\u062a \u0627\u0644\u0642\u0631\u0627\u0621\u0629 \u0627\u0644\u0645\u064f\u0642\u062f\u0651\u0631\" \/>\n\t<meta name=\"twitter:data1\" content=\"\u062f\u0642\u064a\u0642\u062a\u0627\u0646\" \/>\n<script type=\"application\/ld+json\" class=\"yoast-schema-graph\">{\"@context\":\"https:\\\/\\\/schema.org\",\"@graph\":[{\"@type\":\"WebPage\",\"@id\":\"https:\\\/\\\/enseignementsuptchad.net\\\/ecoles\\\/\",\"url\":\"https:\\\/\\\/enseignementsuptchad.net\\\/ecoles\\\/\",\"name\":\"Les Grandes Ecoles - Enseignement Sup\u00e9rieur du Tchad\",\"isPartOf\":{\"@id\":\"https:\\\/\\\/enseignementsuptchad.net\\\/#website\"},\"primaryImageOfPage\":{\"@id\":\"https:\\\/\\\/enseignementsuptchad.net\\\/ecoles\\\/#primaryimage\"},\"image\":{\"@id\":\"https:\\\/\\\/enseignementsuptchad.net\\\/ecoles\\\/#primaryimage\"},\"thumbnailUrl\":\"https:\\\/\\\/enseignementsuptchad.net\\\/wp-content\\\/uploads\\\/2025\\\/05\\\/ens-ndjamena.jpeg\",\"datePublished\":\"2025-04-19T10:27:43+00:00\",\"dateModified\":\"2025-05-19T12:34:55+00:00\",\"breadcrumb\":{\"@id\":\"https:\\\/\\\/enseignementsuptchad.net\\\/ecoles\\\/#breadcrumb\"},\"inLanguage\":\"ar\",\"potentialAction\":[{\"@type\":\"ReadAction\",\"target\":[\"https:\\\/\\\/enseignementsuptchad.net\\\/ecoles\\\/\"]}]},{\"@type\":\"ImageObject\",\"inLanguage\":\"ar\",\"@id\":\"https:\\\/\\\/enseignementsuptchad.net\\\/ecoles\\\/#primaryimage\",\"url\":\"https:\\\/\\\/enseignementsuptchad.net\\\/wp-content\\\/uploads\\\/2025\\\/05\\\/ens-ndjamena.jpeg\",\"contentUrl\":\"https:\\\/\\\/enseignementsuptchad.net\\\/wp-content\\\/uploads\\\/2025\\\/05\\\/ens-ndjamena.jpeg\"},{\"@type\":\"BreadcrumbList\",\"@id\":\"https:\\\/\\\/enseignementsuptchad.net\\\/ecoles\\\/#breadcrumb\",\"itemListElement\":[{\"@type\":\"ListItem\",\"position\":1,\"name\":\"Home\",\"item\":\"https:\\\/\\\/enseignementsuptchad.net\\\/\"},{\"@type\":\"ListItem\",\"position\":2,\"name\":\"Les Grandes Ecoles\"}]},{\"@type\":\"WebSite\",\"@id\":\"https:\\\/\\\/enseignementsuptchad.net\\\/#website\",\"url\":\"https:\\\/\\\/enseignementsuptchad.net\\\/\",\"name\":\"Enseignement Sup\u00e9rieur du Tchad\",\"description\":\"\",\"publisher\":{\"@id\":\"https:\\\/\\\/enseignementsuptchad.net\\\/#organization\"},\"potentialAction\":[{\"@type\":\"SearchAction\",\"target\":{\"@type\":\"EntryPoint\",\"urlTemplate\":\"https:\\\/\\\/enseignementsuptchad.net\\\/?s={search_term_string}\"},\"query-input\":{\"@type\":\"PropertyValueSpecification\",\"valueRequired\":true,\"valueName\":\"search_term_string\"}}],\"inLanguage\":\"ar\"},{\"@type\":\"Organization\",\"@id\":\"https:\\\/\\\/enseignementsuptchad.net\\\/#organization\",\"name\":\"Enseignement Sup\u00e9rieur du Tchad\",\"url\":\"https:\\\/\\\/enseignementsuptchad.net\\\/\",\"logo\":{\"@type\":\"ImageObject\",\"inLanguage\":\"ar\",\"@id\":\"https:\\\/\\\/enseignementsuptchad.net\\\/#\\\/schema\\\/logo\\\/image\\\/\",\"url\":\"https:\\\/\\\/enseignementsuptchad.net\\\/wp-content\\\/uploads\\\/2025\\\/04\\\/cropped-Plan-de-travail-1-1-1-e1748262558104.png\",\"contentUrl\":\"https:\\\/\\\/enseignementsuptchad.net\\\/wp-content\\\/uploads\\\/2025\\\/04\\\/cropped-Plan-de-travail-1-1-1-e1748262558104.png\",\"width\":162,\"height\":136,\"caption\":\"Enseignement Sup\u00e9rieur du Tchad\"},\"image\":{\"@id\":\"https:\\\/\\\/enseignementsuptchad.net\\\/#\\\/schema\\\/logo\\\/image\\\/\"}}]}<\/script>\n<!-- \/ Yoast SEO plugin. -->","yoast_head_json":{"title":"Les Grandes Ecoles - Enseignement Sup\u00e9rieur du Tchad","robots":{"index":"index","follow":"follow","max-snippet":"max-snippet:-1","max-image-preview":"max-image-preview:large","max-video-preview":"max-video-preview:-1"},"canonical":"https:\/\/enseignementsuptchad.net\/ar\/ecoles\/","og_locale":"ar_AR","og_type":"article","og_title":"Les Grandes Ecoles - Enseignement Sup\u00e9rieur du Tchad","og_description":"Le Minist\u00e8re de l\u2019Enseignement Sup\u00e9rieur compte quatre (04)\u00a0 Grandes \u00c9coles Normales Sup\u00e9rieures pour former des enseignants des coll\u00e8ges et lyc\u00e9es repartie dans (04) provinces du Tchad le r\u00e9sum\u00e9 est sur le tableau ci-dessous Ecole Normale Sup\u00e9rieure de N&rsquo;Djamena Ecole Normale Sup\u00e9rieure de Bongor Ecole Normale Sup\u00e9rieure d&rsquo;Ab\u00e9ch\u00e9 ENSETS Modifier Nom [&hellip;]","og_url":"https:\/\/enseignementsuptchad.net\/ar\/ecoles\/","og_site_name":"Enseignement Sup\u00e9rieur du Tchad","article_modified_time":"2025-05-19T12:34:55+00:00","og_image":[{"width":225,"height":225,"url":"https:\/\/enseignementsuptchad.net\/wp-content\/uploads\/2025\/05\/ens-ndjamena.jpeg","type":"image\/jpeg"}],"twitter_card":"summary_large_image","twitter_misc":{"\u0648\u0642\u062a \u0627\u0644\u0642\u0631\u0627\u0621\u0629 \u0627\u0644\u0645\u064f\u0642\u062f\u0651\u0631":"\u062f\u0642\u064a\u0642\u062a\u0627\u0646"},"schema":{"@context":"https:\/\/schema.org","@graph":[{"@type":"WebPage","@id":"https:\/\/enseignementsuptchad.net\/ecoles\/","url":"https:\/\/enseignementsuptchad.net\/ecoles\/","name":"Les Grandes Ecoles - Enseignement Sup\u00e9rieur du Tchad","isPartOf":{"@id":"https:\/\/enseignementsuptchad.net\/#website"},"primaryImageOfPage":{"@id":"https:\/\/enseignementsuptchad.net\/ecoles\/#primaryimage"},"image":{"@id":"https:\/\/enseignementsuptchad.net\/ecoles\/#primaryimage"},"thumbnailUrl":"https:\/\/enseignementsuptchad.net\/wp-content\/uploads\/2025\/05\/ens-ndjamena.jpeg","datePublished":"2025-04-19T10:27:43+00:00","dateModified":"2025-05-19T12:34:55+00:00","breadcrumb":{"@id":"https:\/\/enseignementsuptchad.net\/ecoles\/#breadcrumb"},"inLanguage":"ar","potentialAction":[{"@type":"ReadAction","target":["https:\/\/enseignementsuptchad.net\/ecoles\/"]}]},{"@type":"ImageObject","inLanguage":"ar","@id":"https:\/\/enseignementsuptchad.net\/ecoles\/#primaryimage","url":"https:\/\/enseignementsuptchad.net\/wp-content\/uploads\/2025\/05\/ens-ndjamena.jpeg","contentUrl":"https:\/\/enseignementsuptchad.net\/wp-content\/uploads\/2025\/05\/ens-ndjamena.jpeg"},{"@type":"BreadcrumbList","@id":"https:\/\/enseignementsuptchad.net\/ecoles\/#breadcrumb","itemListElement":[{"@type":"ListItem","position":1,"name":"Home","item":"https:\/\/enseignementsuptchad.net\/"},{"@type":"ListItem","position":2,"name":"Les Grandes Ecoles"}]},{"@type":"WebSite","@id":"https:\/\/enseignementsuptchad.net\/#website","url":"https:\/\/enseignementsuptchad.net\/","name":"Enseignement Sup\u00e9rieur du Tchad","description":"","publisher":{"@id":"https:\/\/enseignementsuptchad.net\/#organization"},"potentialAction":[{"@type":"SearchAction","target":{"@type":"EntryPoint","urlTemplate":"https:\/\/enseignementsuptchad.net\/?s={search_term_string}"},"query-input":{"@type":"PropertyValueSpecification","valueRequired":true,"valueName":"search_term_string"}}],"inLanguage":"ar"},{"@type":"Organization","@id":"https:\/\/enseignementsuptchad.net\/#organization","name":"Enseignement Sup\u00e9rieur du Tchad","url":"https:\/\/enseignementsuptchad.net\/","logo":{"@type":"ImageObject","inLanguage":"ar","@id":"https:\/\/enseignementsuptchad.net\/#\/schema\/logo\/image\/","url":"https:\/\/enseignementsuptchad.net\/wp-content\/uploads\/2025\/04\/cropped-Plan-de-travail-1-1-1-e1748262558104.png","contentUrl":"https:\/\/enseignementsuptchad.net\/wp-content\/uploads\/2025\/04\/cropped-Plan-de-travail-1-1-1-e1748262558104.png","width":162,"height":136,"caption":"Enseignement Sup\u00e9rieur du Tchad"},"image":{"@id":"https:\/\/enseignementsuptchad.net\/#\/schema\/logo\/image\/"}}]}},"_links":{"self":[{"href":"https:\/\/enseignementsuptchad.net\/ar\/wp-json\/wp\/v2\/pages\/6292","targetHints":{"allow":["GET"]}}],"collection":[{"href":"https:\/\/enseignementsuptchad.net\/ar\/wp-json\/wp\/v2\/pages"}],"about":[{"href":"https:\/\/enseignementsuptchad.net\/ar\/wp-json\/wp\/v2\/types\/page"}],"author":[{"embeddable":true,"href":"https:\/\/enseignementsuptchad.net\/ar\/wp-json\/wp\/v2\/users\/1"}],"replies":[{"embeddable":true,"href":"https:\/\/enseignementsuptchad.net\/ar\/wp-json\/wp\/v2\/comments?post=6292"}],"version-history":[{"count":53,"href":"https:\/\/enseignementsuptchad.net\/ar\/wp-json\/wp\/v2\/pages\/6292\/revisions"}],"predecessor-version":[{"id":7525,"href":"https:\/\/enseignementsuptchad.net\/ar\/wp-json\/wp\/v2\/pages\/6292\/revisions\/7525"}],"wp:attachment":[{"href":"https:\/\/enseignementsuptchad.net\/ar\/wp-json\/wp\/v2\/media?parent=6292"}],"curies":[{"name":"wp","href":"https:\/\/api.w.org\/{rel}","templated":true}]}}