{"id":6293,"date":"2025-04-19T12:27:43","date_gmt":"2025-04-19T10:27:43","guid":{"rendered":"https:\/\/enseignementsuptchad.net\/?page_id=6293"},"modified":"2025-05-13T19:18:56","modified_gmt":"2025-05-13T18:18:56","slug":"instituts","status":"publish","type":"page","link":"https:\/\/enseignementsuptchad.net\/ar\/instituts\/","title":{"rendered":"Instituts"},"content":{"rendered":"<div data-elementor-type=\"wp-page\" data-elementor-id=\"6293\" class=\"elementor elementor-6293\" data-elementor-post-type=\"page\">\n\t\t\t\t<div class=\"elementor-element elementor-element-476e9d1 e-flex e-con-boxed e-con e-parent\" data-id=\"476e9d1\" data-element_type=\"container\" data-e-type=\"container\" data-settings=\"{&quot;background_background&quot;:&quot;gradient&quot;}\">\n\t\t\t\t\t<div class=\"e-con-inner\">\n\t\t\t\t<div class=\"elementor-element elementor-element-f203810 elementor-widget elementor-widget-text-editor\" data-id=\"f203810\" data-element_type=\"widget\" data-e-type=\"widget\" data-widget_type=\"text-editor.default\">\n\t\t\t\t<div class=\"elementor-widget-container\">\n\t\t\t\t\t\t\t\t\t<p>Le Minist\u00e8re de l\u2019Enseignement Sup\u00e9rieur dispose de (06) Instituts Sup\u00e9rieurs Techniques r\u00e9parties dans diff\u00e9rentes provinces du Tchad, le r\u00e9sum\u00e9 est sur le tableau ci-dessous.<\/p>\t\t\t\t\t\t\t\t<\/div>\n\t\t\t\t<\/div>\n\t\t\t\t\t<\/div>\n\t\t\t\t<\/div>\n\t\t<div class=\"elementor-element elementor-element-09f04e2 e-grid e-con-boxed e-con e-parent\" data-id=\"09f04e2\" data-element_type=\"container\" data-e-type=\"container\">\n\t\t\t\t\t<div class=\"e-con-inner\">\n\t\t\t\t<div class=\"elementor-element elementor-element-c83c2d2 elementor-widget elementor-widget-image\" data-id=\"c83c2d2\" data-element_type=\"widget\" data-e-type=\"widget\" data-widget_type=\"image.default\">\n\t\t\t\t<div class=\"elementor-widget-container\">\n\t\t\t\t\t\t\t\t\t\t\t\t\t\t\t\t<a href=\"https:\/\/www.facebook.com\/people\/Institut-Sup%C3%A9rieur-des-Arts-et-M%C3%A9tiers-de-Biltine\/100065189972675\/\">\n\t\t\t\t\t\t\t<img fetchpriority=\"high\" width=\"887\" height=\"500\"  class=\"elementor-animation-bounce-in attachment-large size-large wp-image-6382 lws-optimize-lazyload\" alt=\"\" srcset=\"https:\/\/enseignementsuptchad.net\/wp-content\/uploads\/2025\/04\/institut-de-Biltine-1024x577.jpg 1024w, https:\/\/enseignementsuptchad.net\/wp-content\/uploads\/2025\/04\/institut-de-Biltine-300x169.jpg 300w, https:\/\/enseignementsuptchad.net\/wp-content\/uploads\/2025\/04\/institut-de-Biltine-768x433.jpg 768w, https:\/\/enseignementsuptchad.net\/wp-content\/uploads\/2025\/04\/institut-de-Biltine-947x534.jpg 947w, https:\/\/enseignementsuptchad.net\/wp-content\/uploads\/2025\/04\/institut-de-Biltine-624x352.jpg 624w, https:\/\/enseignementsuptchad.net\/wp-content\/uploads\/2025\/04\/institut-de-Biltine.jpg 1068w\" sizes=\"(max-width: 887px) 100vw, 887px\" >\t\t\t\t\t\t\t\t<\/a>\n\t\t\t\t\t\t\t\t\t\t\t\t\t\t\t<\/div>\n\t\t\t\t<\/div>\n\t\t\t\t<div class=\"elementor-element elementor-element-ff49b00 elementor-widget elementor-widget-image\" data-id=\"ff49b00\" data-element_type=\"widget\" data-e-type=\"widget\" data-widget_type=\"image.default\">\n\t\t\t\t<div class=\"elementor-widget-container\">\n\t\t\t\t\t\t\t\t\t\t\t\t\t\t\t\t<a href=\"https:\/\/insta.td\/index.php\">\n\t\t\t\t\t\t\t<img width=\"225\" height=\"225\"  class=\"elementor-animation-bounce-in attachment-large size-large wp-image-6903 lws-optimize-lazyload\" alt=\"\" srcset=\"https:\/\/enseignementsuptchad.net\/wp-content\/uploads\/2025\/05\/insta-abeche.jpeg 225w, https:\/\/enseignementsuptchad.net\/wp-content\/uploads\/2025\/05\/insta-abeche-150x150.jpeg 150w\" sizes=\"(max-width: 225px) 100vw, 225px\" >\t\t\t\t\t\t\t\t<\/a>\n\t\t\t\t\t\t\t\t\t\t\t\t\t\t\t<\/div>\n\t\t\t\t<\/div>\n\t\t\t\t<div class=\"elementor-element elementor-element-2c72a31 elementor-widget elementor-widget-image\" data-id=\"2c72a31\" data-element_type=\"widget\" data-e-type=\"widget\" data-widget_type=\"image.default\">\n\t\t\t\t<div class=\"elementor-widget-container\">\n\t\t\t\t\t\t\t\t\t\t\t\t\t\t\t\t<a href=\"https:\/\/insem.td\/\">\n\t\t\t\t\t\t\t<img width=\"189\" height=\"267\"  class=\"elementor-animation-bounce-in attachment-large size-large wp-image-6904 lws-optimize-lazyload\" alt=\"\" >\t\t\t\t\t\t\t\t<\/a>\n\t\t\t\t\t\t\t\t\t\t\t\t\t\t\t<\/div>\n\t\t\t\t<\/div>\n\t\t\t\t<div class=\"elementor-element elementor-element-d89d87b elementor-widget elementor-widget-image\" data-id=\"d89d87b\" data-element_type=\"widget\" data-e-type=\"widget\" data-widget_type=\"image.default\">\n\t\t\t\t<div class=\"elementor-widget-container\">\n\t\t\t\t\t\t\t\t\t\t\t\t\t\t\t\t<a href=\"https:\/\/www.facebook.com\/p\/Institut-National-Sup%C3%A9rieur-du-Sahra-et-du-Sahel-dIriba-100064234086937\/?locale=fr_FR\">\n\t\t\t\t\t\t\t<img loading=\"lazy\" width=\"217\" height=\"200\"  class=\"elementor-animation-bounce-in attachment-large size-large wp-image-6899 lws-optimize-lazyload\" alt=\"\" >\t\t\t\t\t\t\t\t<\/a>\n\t\t\t\t\t\t\t\t\t\t\t\t\t\t\t<\/div>\n\t\t\t\t<\/div>\n\t\t\t\t<div class=\"elementor-element elementor-element-618d740 elementor-widget elementor-widget-image\" data-id=\"618d740\" data-element_type=\"widget\" data-e-type=\"widget\" data-widget_type=\"image.default\">\n\t\t\t\t<div class=\"elementor-widget-container\">\n\t\t\t\t\t\t\t\t\t\t\t\t\t\t\t\t<a href=\"https:\/\/www.facebook.com\/p\/INSTITUT-UNIVERSITAIRE-DE-PETROLE-DE-MAO-100068355533817\/\">\n\t\t\t\t\t\t\t<img loading=\"lazy\" width=\"224\" height=\"225\"  class=\"elementor-animation-bounce-in attachment-large size-large wp-image-6909 lws-optimize-lazyload\" alt=\"\" srcset=\"https:\/\/enseignementsuptchad.net\/wp-content\/uploads\/2025\/05\/institut-mao1.jpeg 224w, https:\/\/enseignementsuptchad.net\/wp-content\/uploads\/2025\/05\/institut-mao1-150x150.jpeg 150w\" sizes=\"(max-width: 224px) 100vw, 224px\" >\t\t\t\t\t\t\t\t<\/a>\n\t\t\t\t\t\t\t\t\t\t\t\t\t\t\t<\/div>\n\t\t\t\t<\/div>\n\t\t\t\t<div class=\"elementor-element elementor-element-3307f48 elementor-widget elementor-widget-image\" data-id=\"3307f48\" data-element_type=\"widget\" data-e-type=\"widget\" data-widget_type=\"image.default\">\n\t\t\t\t<div class=\"elementor-widget-container\">\n\t\t\t\t\t\t\t\t\t\t\t\t\t\t\t\t<a href=\"https:\/\/tchadinfos.com\/tandjile-linstitut-national-des-sciences-agronomiques-et-des-technologies-alimentaires-sensibilise-sur-sa-filiere-nutrition\/\">\n\t\t\t\t\t\t\t<img loading=\"lazy\" width=\"887\" height=\"399\"  class=\"elementor-animation-bounce-in attachment-large size-large wp-image-6913 lws-optimize-lazyload\" alt=\"\" srcset=\"https:\/\/enseignementsuptchad.net\/wp-content\/uploads\/2025\/05\/institut-lai-1024x461.jpg 1024w, https:\/\/enseignementsuptchad.net\/wp-content\/uploads\/2025\/05\/institut-lai-300x135.jpg 300w, https:\/\/enseignementsuptchad.net\/wp-content\/uploads\/2025\/05\/institut-lai-768x346.jpg 768w, https:\/\/enseignementsuptchad.net\/wp-content\/uploads\/2025\/05\/institut-lai-947x426.jpg 947w, https:\/\/enseignementsuptchad.net\/wp-content\/uploads\/2025\/05\/institut-lai-624x281.jpg 624w, https:\/\/enseignementsuptchad.net\/wp-content\/uploads\/2025\/05\/institut-lai.jpg 1040w\" sizes=\"(max-width: 887px) 100vw, 887px\" >\t\t\t\t\t\t\t\t<\/a>\n\t\t\t\t\t\t\t\t\t\t\t\t\t\t\t<\/div>\n\t\t\t\t<\/div>\n\t\t\t\t\t<\/div>\n\t\t\t\t<\/div>\n\t\t<div class=\"elementor-element elementor-element-27273e3 e-flex e-con-boxed e-con e-parent\" data-id=\"27273e3\" data-element_type=\"container\" data-e-type=\"container\">\n\t\t\t\t\t<div class=\"e-con-inner\">\n\t\t\t\t<div class=\"elementor-element elementor-element-ebce550 elementor-widget elementor-widget-tablepress-table\" data-id=\"ebce550\" data-element_type=\"widget\" data-e-type=\"widget\" data-widget_type=\"tablepress-table.default\">\n\t\t\t\t\t\n<table id=\"tablepress-2\" class=\"tablepress tablepress-id-2\">\n<thead>\n<tr class=\"row-1\">\n\t<th class=\"column-1\"><strong>Nom<\/strong><\/th><th class=\"column-2\"><strong>Province<\/strong><\/th><th class=\"column-3\"><strong>Eff. G<\/strong><\/th><th class=\"column-4\"><strong>Eff. F<\/strong><\/th><th class=\"column-5\"><strong>Eff. T<\/strong><\/th>\n<\/tr>\n<\/thead>\n<tbody class=\"row-striping row-hover\">\n<tr class=\"row-2\">\n\t<td class=\"column-1\"><strong>Institut National Sup\u00e9rieur des Sciences et Techniques d\u2019Ab\u00e9ch\u00e9<\/strong><\/td><td class=\"column-2\">Ouadda\u00ef<\/td><td class=\"column-3\">1653<\/td><td class=\"column-4\">553<\/td><td class=\"column-5\">2206<\/td>\n<\/tr>\n<tr class=\"row-3\">\n\t<td class=\"column-1\"><strong>Institut National Sup\u00e9rieur des Sciences Agronomique et des Technologies Agro-alimentaires de La\u00ef<\/strong><\/td><td class=\"column-2\">Tandjil\u00e9<\/td><td class=\"column-3\">831<\/td><td class=\"column-4\">181<\/td><td class=\"column-5\">1012<\/td>\n<\/tr>\n<tr class=\"row-4\">\n\t<td class=\"column-1\"><strong>Institut National Sup\u00e9rieur des Arts et M\u00e9tiers de Biltine<\/strong><\/td><td class=\"column-2\">Wadi-Fira<\/td><td class=\"column-3\">262<\/td><td class=\"column-4\">2<\/td><td class=\"column-5\">264<\/td>\n<\/tr>\n<tr class=\"row-5\">\n\t<td class=\"column-1\"><strong>Institut National Sup\u00e9rieur du Sahara et du Sahel d\u2019Iriba<\/strong><\/td><td class=\"column-2\">Wadi-Fira<\/td><td class=\"column-3\">117<\/td><td class=\"column-4\">34<\/td><td class=\"column-5\">151<\/td>\n<\/tr>\n<tr class=\"row-6\">\n\t<td class=\"column-1\"><strong>Institut National Sup\u00e9rieur de P\u00e9trole de Mao<\/strong><\/td><td class=\"column-2\">Kanem<\/td><td class=\"column-3\">218<\/td><td class=\"column-4\">28<\/td><td class=\"column-5\">246<\/td>\n<\/tr>\n<tr class=\"row-7\">\n\t<td class=\"column-1\"><strong>Institut National Sup\u00e9rieur Polytechnique d\u2019\u00c9levage de Moussoro<\/strong><\/td><td class=\"column-2\">Bahr-El-Gazel<\/td><td class=\"column-3\">445<\/td><td class=\"column-4\">59<\/td><td class=\"column-5\">504<\/td>\n<\/tr>\n<tr class=\"row-8\">\n\t<td class=\"column-1\"><strong>TOTAL<\/strong><\/td><td class=\"column-2\"><\/td><td class=\"column-3\"><strong>3526<\/strong><\/td><td class=\"column-4\"><strong>857<\/strong><\/td><td class=\"column-5\"><strong>4383<\/strong><\/td>\n<\/tr>\n<\/tbody>\n<\/table>\n\t\t\t\t<\/div>\n\t\t\t\t\t<\/div>\n\t\t\t\t<\/div>\n\t\t\t\t<\/div>","protected":false},"excerpt":{"rendered":"<p>Le Minist\u00e8re de l\u2019Enseignement Sup\u00e9rieur dispose de (06) Instituts Sup\u00e9rieurs Techniques r\u00e9parties dans diff\u00e9rentes provinces du Tchad, le r\u00e9sum\u00e9 est sur le tableau ci-dessous. Modifier Nom Province Eff. G Eff. F Eff. T Institut National Sup\u00e9rieur des Sciences et Techniques d\u2019Ab\u00e9ch\u00e9 Ouadda\u00ef 1653 553 2206 Institut National Sup\u00e9rieur des Sciences [&hellip;]<\/p>","protected":false},"author":1,"featured_media":0,"parent":0,"menu_order":0,"comment_status":"closed","ping_status":"closed","template":"","meta":{"_eb_attr":"","footnotes":""},"class_list":["post-6293","page","type-page","status-publish","hentry"],"yoast_head":"<!-- This site is optimized with the Yoast SEO plugin v27.4 - https:\/\/yoast.com\/product\/yoast-seo-wordpress\/ -->\n<title>Instituts - Enseignement Sup\u00e9rieur du Tchad<\/title>\n<meta name=\"robots\" content=\"index, follow, max-snippet:-1, max-image-preview:large, max-video-preview:-1\" \/>\n<link rel=\"canonical\" href=\"https:\/\/enseignementsuptchad.net\/ar\/instituts\/\" \/>\n<meta property=\"og:locale\" content=\"ar_AR\" \/>\n<meta property=\"og:type\" content=\"article\" \/>\n<meta property=\"og:title\" content=\"Instituts - Enseignement Sup\u00e9rieur du Tchad\" \/>\n<meta property=\"og:description\" content=\"Le Minist\u00e8re de l\u2019Enseignement Sup\u00e9rieur dispose de (06) Instituts Sup\u00e9rieurs Techniques r\u00e9parties dans diff\u00e9rentes provinces du Tchad, le r\u00e9sum\u00e9 est sur le tableau ci-dessous. Modifier Nom Province Eff. G Eff. F Eff. T Institut National Sup\u00e9rieur des Sciences et Techniques d\u2019Ab\u00e9ch\u00e9 Ouadda\u00ef 1653 553 2206 Institut National Sup\u00e9rieur des Sciences [&hellip;]\" \/>\n<meta property=\"og:url\" content=\"https:\/\/enseignementsuptchad.net\/ar\/instituts\/\" \/>\n<meta property=\"og:site_name\" content=\"Enseignement Sup\u00e9rieur du Tchad\" \/>\n<meta property=\"article:modified_time\" content=\"2025-05-13T18:18:56+00:00\" \/>\n<meta property=\"og:image\" content=\"https:\/\/enseignementsuptchad.net\/wp-content\/uploads\/2025\/04\/institut-de-Biltine-1024x577.jpg\" \/>\n<meta name=\"twitter:card\" content=\"summary_large_image\" \/>\n<meta name=\"twitter:label1\" content=\"\u0648\u0642\u062a \u0627\u0644\u0642\u0631\u0627\u0621\u0629 \u0627\u0644\u0645\u064f\u0642\u062f\u0651\u0631\" \/>\n\t<meta name=\"twitter:data1\" content=\"\u062f\u0642\u064a\u0642\u062a\u0627\u0646\" \/>\n<script type=\"application\/ld+json\" class=\"yoast-schema-graph\">{\"@context\":\"https:\\\/\\\/schema.org\",\"@graph\":[{\"@type\":\"WebPage\",\"@id\":\"https:\\\/\\\/enseignementsuptchad.net\\\/instituts\\\/\",\"url\":\"https:\\\/\\\/enseignementsuptchad.net\\\/instituts\\\/\",\"name\":\"Instituts - Enseignement Sup\u00e9rieur du Tchad\",\"isPartOf\":{\"@id\":\"https:\\\/\\\/enseignementsuptchad.net\\\/#website\"},\"primaryImageOfPage\":{\"@id\":\"https:\\\/\\\/enseignementsuptchad.net\\\/instituts\\\/#primaryimage\"},\"image\":{\"@id\":\"https:\\\/\\\/enseignementsuptchad.net\\\/instituts\\\/#primaryimage\"},\"thumbnailUrl\":\"https:\\\/\\\/enseignementsuptchad.net\\\/wp-content\\\/uploads\\\/2025\\\/04\\\/institut-de-Biltine-1024x577.jpg\",\"datePublished\":\"2025-04-19T10:27:43+00:00\",\"dateModified\":\"2025-05-13T18:18:56+00:00\",\"breadcrumb\":{\"@id\":\"https:\\\/\\\/enseignementsuptchad.net\\\/instituts\\\/#breadcrumb\"},\"inLanguage\":\"ar\",\"potentialAction\":[{\"@type\":\"ReadAction\",\"target\":[\"https:\\\/\\\/enseignementsuptchad.net\\\/instituts\\\/\"]}]},{\"@type\":\"ImageObject\",\"inLanguage\":\"ar\",\"@id\":\"https:\\\/\\\/enseignementsuptchad.net\\\/instituts\\\/#primaryimage\",\"url\":\"https:\\\/\\\/enseignementsuptchad.net\\\/wp-content\\\/uploads\\\/2025\\\/04\\\/institut-de-Biltine-1024x577.jpg\",\"contentUrl\":\"https:\\\/\\\/enseignementsuptchad.net\\\/wp-content\\\/uploads\\\/2025\\\/04\\\/institut-de-Biltine-1024x577.jpg\"},{\"@type\":\"BreadcrumbList\",\"@id\":\"https:\\\/\\\/enseignementsuptchad.net\\\/instituts\\\/#breadcrumb\",\"itemListElement\":[{\"@type\":\"ListItem\",\"position\":1,\"name\":\"Home\",\"item\":\"https:\\\/\\\/enseignementsuptchad.net\\\/\"},{\"@type\":\"ListItem\",\"position\":2,\"name\":\"Instituts\"}]},{\"@type\":\"WebSite\",\"@id\":\"https:\\\/\\\/enseignementsuptchad.net\\\/#website\",\"url\":\"https:\\\/\\\/enseignementsuptchad.net\\\/\",\"name\":\"Enseignement Sup\u00e9rieur du Tchad\",\"description\":\"\",\"publisher\":{\"@id\":\"https:\\\/\\\/enseignementsuptchad.net\\\/#organization\"},\"potentialAction\":[{\"@type\":\"SearchAction\",\"target\":{\"@type\":\"EntryPoint\",\"urlTemplate\":\"https:\\\/\\\/enseignementsuptchad.net\\\/?s={search_term_string}\"},\"query-input\":{\"@type\":\"PropertyValueSpecification\",\"valueRequired\":true,\"valueName\":\"search_term_string\"}}],\"inLanguage\":\"ar\"},{\"@type\":\"Organization\",\"@id\":\"https:\\\/\\\/enseignementsuptchad.net\\\/#organization\",\"name\":\"Enseignement Sup\u00e9rieur du Tchad\",\"url\":\"https:\\\/\\\/enseignementsuptchad.net\\\/\",\"logo\":{\"@type\":\"ImageObject\",\"inLanguage\":\"ar\",\"@id\":\"https:\\\/\\\/enseignementsuptchad.net\\\/#\\\/schema\\\/logo\\\/image\\\/\",\"url\":\"https:\\\/\\\/enseignementsuptchad.net\\\/wp-content\\\/uploads\\\/2025\\\/04\\\/cropped-Plan-de-travail-1-1-1-e1748262558104.png\",\"contentUrl\":\"https:\\\/\\\/enseignementsuptchad.net\\\/wp-content\\\/uploads\\\/2025\\\/04\\\/cropped-Plan-de-travail-1-1-1-e1748262558104.png\",\"width\":162,\"height\":136,\"caption\":\"Enseignement Sup\u00e9rieur du Tchad\"},\"image\":{\"@id\":\"https:\\\/\\\/enseignementsuptchad.net\\\/#\\\/schema\\\/logo\\\/image\\\/\"}}]}<\/script>\n<!-- \/ Yoast SEO plugin. -->","yoast_head_json":{"title":"Instituts - Enseignement Sup\u00e9rieur du Tchad","robots":{"index":"index","follow":"follow","max-snippet":"max-snippet:-1","max-image-preview":"max-image-preview:large","max-video-preview":"max-video-preview:-1"},"canonical":"https:\/\/enseignementsuptchad.net\/ar\/instituts\/","og_locale":"ar_AR","og_type":"article","og_title":"Instituts - Enseignement Sup\u00e9rieur du Tchad","og_description":"Le Minist\u00e8re de l\u2019Enseignement Sup\u00e9rieur dispose de (06) Instituts Sup\u00e9rieurs Techniques r\u00e9parties dans diff\u00e9rentes provinces du Tchad, le r\u00e9sum\u00e9 est sur le tableau ci-dessous. Modifier Nom Province Eff. G Eff. F Eff. T Institut National Sup\u00e9rieur des Sciences et Techniques d\u2019Ab\u00e9ch\u00e9 Ouadda\u00ef 1653 553 2206 Institut National Sup\u00e9rieur des Sciences [&hellip;]","og_url":"https:\/\/enseignementsuptchad.net\/ar\/instituts\/","og_site_name":"Enseignement Sup\u00e9rieur du Tchad","article_modified_time":"2025-05-13T18:18:56+00:00","og_image":[{"url":"https:\/\/enseignementsuptchad.net\/wp-content\/uploads\/2025\/04\/institut-de-Biltine-1024x577.jpg","type":"","width":"","height":""}],"twitter_card":"summary_large_image","twitter_misc":{"\u0648\u0642\u062a \u0627\u0644\u0642\u0631\u0627\u0621\u0629 \u0627\u0644\u0645\u064f\u0642\u062f\u0651\u0631":"\u062f\u0642\u064a\u0642\u062a\u0627\u0646"},"schema":{"@context":"https:\/\/schema.org","@graph":[{"@type":"WebPage","@id":"https:\/\/enseignementsuptchad.net\/instituts\/","url":"https:\/\/enseignementsuptchad.net\/instituts\/","name":"Instituts - Enseignement Sup\u00e9rieur du Tchad","isPartOf":{"@id":"https:\/\/enseignementsuptchad.net\/#website"},"primaryImageOfPage":{"@id":"https:\/\/enseignementsuptchad.net\/instituts\/#primaryimage"},"image":{"@id":"https:\/\/enseignementsuptchad.net\/instituts\/#primaryimage"},"thumbnailUrl":"https:\/\/enseignementsuptchad.net\/wp-content\/uploads\/2025\/04\/institut-de-Biltine-1024x577.jpg","datePublished":"2025-04-19T10:27:43+00:00","dateModified":"2025-05-13T18:18:56+00:00","breadcrumb":{"@id":"https:\/\/enseignementsuptchad.net\/instituts\/#breadcrumb"},"inLanguage":"ar","potentialAction":[{"@type":"ReadAction","target":["https:\/\/enseignementsuptchad.net\/instituts\/"]}]},{"@type":"ImageObject","inLanguage":"ar","@id":"https:\/\/enseignementsuptchad.net\/instituts\/#primaryimage","url":"https:\/\/enseignementsuptchad.net\/wp-content\/uploads\/2025\/04\/institut-de-Biltine-1024x577.jpg","contentUrl":"https:\/\/enseignementsuptchad.net\/wp-content\/uploads\/2025\/04\/institut-de-Biltine-1024x577.jpg"},{"@type":"BreadcrumbList","@id":"https:\/\/enseignementsuptchad.net\/instituts\/#breadcrumb","itemListElement":[{"@type":"ListItem","position":1,"name":"Home","item":"https:\/\/enseignementsuptchad.net\/"},{"@type":"ListItem","position":2,"name":"Instituts"}]},{"@type":"WebSite","@id":"https:\/\/enseignementsuptchad.net\/#website","url":"https:\/\/enseignementsuptchad.net\/","name":"Enseignement Sup\u00e9rieur du Tchad","description":"","publisher":{"@id":"https:\/\/enseignementsuptchad.net\/#organization"},"potentialAction":[{"@type":"SearchAction","target":{"@type":"EntryPoint","urlTemplate":"https:\/\/enseignementsuptchad.net\/?s={search_term_string}"},"query-input":{"@type":"PropertyValueSpecification","valueRequired":true,"valueName":"search_term_string"}}],"inLanguage":"ar"},{"@type":"Organization","@id":"https:\/\/enseignementsuptchad.net\/#organization","name":"Enseignement Sup\u00e9rieur du Tchad","url":"https:\/\/enseignementsuptchad.net\/","logo":{"@type":"ImageObject","inLanguage":"ar","@id":"https:\/\/enseignementsuptchad.net\/#\/schema\/logo\/image\/","url":"https:\/\/enseignementsuptchad.net\/wp-content\/uploads\/2025\/04\/cropped-Plan-de-travail-1-1-1-e1748262558104.png","contentUrl":"https:\/\/enseignementsuptchad.net\/wp-content\/uploads\/2025\/04\/cropped-Plan-de-travail-1-1-1-e1748262558104.png","width":162,"height":136,"caption":"Enseignement Sup\u00e9rieur du Tchad"},"image":{"@id":"https:\/\/enseignementsuptchad.net\/#\/schema\/logo\/image\/"}}]}},"_links":{"self":[{"href":"https:\/\/enseignementsuptchad.net\/ar\/wp-json\/wp\/v2\/pages\/6293","targetHints":{"allow":["GET"]}}],"collection":[{"href":"https:\/\/enseignementsuptchad.net\/ar\/wp-json\/wp\/v2\/pages"}],"about":[{"href":"https:\/\/enseignementsuptchad.net\/ar\/wp-json\/wp\/v2\/types\/page"}],"author":[{"embeddable":true,"href":"https:\/\/enseignementsuptchad.net\/ar\/wp-json\/wp\/v2\/users\/1"}],"replies":[{"embeddable":true,"href":"https:\/\/enseignementsuptchad.net\/ar\/wp-json\/wp\/v2\/comments?post=6293"}],"version-history":[{"count":52,"href":"https:\/\/enseignementsuptchad.net\/ar\/wp-json\/wp\/v2\/pages\/6293\/revisions"}],"predecessor-version":[{"id":7436,"href":"https:\/\/enseignementsuptchad.net\/ar\/wp-json\/wp\/v2\/pages\/6293\/revisions\/7436"}],"wp:attachment":[{"href":"https:\/\/enseignementsuptchad.net\/ar\/wp-json\/wp\/v2\/media?parent=6293"}],"curies":[{"name":"wp","href":"https:\/\/api.w.org\/{rel}","templated":true}]}}