{"id":6660,"date":"2025-04-29T17:15:50","date_gmt":"2025-04-29T16:15:50","guid":{"rendered":"https:\/\/enseignementsuptchad.net\/?page_id=6660"},"modified":"2025-05-12T21:51:06","modified_gmt":"2025-05-12T20:51:06","slug":"organismes-sous-tutelle","status":"publish","type":"page","link":"https:\/\/enseignementsuptchad.net\/ar\/organismes-sous-tutelle\/","title":{"rendered":"Organismes sous tutelle"},"content":{"rendered":"<p>Le Ministre a \u00e9galement sous sa tutelle des organismes strat\u00e9giques. Le tableau ci-dessous explique bri\u00e8vement leur mission et leur localisation.<\/p>\n<table id=\"tablepress-5\">\n<caption style=\"caption-side:bottom;text-align:left;border:none;background:none;margin:0;padding:0;\"><a href=\"https:\/\/enseignementsuptchad.net\/wp-admin\/admin.php?page=tablepress&#038;action=edit&#038;table_id=5\" rel=\"nofollow\">Modifier<\/a><\/caption>\n<thead>\n<tr>\n<th><strong>Nom<\/strong><\/th>\n<th><strong>Province<\/strong><\/th>\n<th><strong>Mission<\/strong><\/th>\n<\/tr>\n<\/thead>\n<tbody>\n<tr>\n<td>Office National des Examens et Concours du Sup\u00e9rieur <strong>(ONECS)<\/strong><\/td>\n<td>N&rsquo;Djamena<\/td>\n<td>assure la gestion des examens et concours du sup\u00e9rieur et l\u2019authentification des dipl\u00f4mes\u00a0;<\/td>\n<\/tr>\n<tr>\n<td>Centre National des \u0152uvres Universitaire <strong>(CNOU)<\/strong><\/td>\n<td>N&rsquo;Djamena<\/td>\n<td>assure la gestion des services aux \u00e9tudiants (logements, bourses, etc.)\u00a0;<\/td>\n<\/tr>\n<tr>\n<td>Centre National de Recherche pour le D\u00e9veloppement <strong>(CNRD)<\/strong><\/td>\n<td>N&rsquo;Djamena<\/td>\n<td>charg\u00e9 de promouvoir et de d\u00e9velopper la recherche scientifique et technique au Tchad<\/td>\n<\/tr>\n<tr>\n<td>Comit\u00e9 National pour l\u2019\u00e9ducation et la formation en liaison avec l\u2019emploi <strong>(CONEFE)<\/strong><\/td>\n<td>N&rsquo;Djamena<\/td>\n<td>Impulser la reflexion sur la politique de la formation professionnelle et de l\u2019emploi au Tchad<\/td>\n<\/tr>\n<tr>\n<td>Fonds National d\u2019appui \u00e0 la formation Professionnelle <strong>(FONAP)<\/strong><\/td>\n<td>N&rsquo;Djamena<\/td>\n<td>Mobiliser les fonds de dev\u00e9loppement de la formation professionnelle et de l\u2019apprentissage<\/td>\n<\/tr>\n<tr>\n<td>Observatoire de l\u2019\u00e9ducation, de la Formation et de l\u2019emploi <strong>(OBSEFE)<\/strong><\/td>\n<td>N&rsquo;Djamena<\/td>\n<td>Assurer le m\u00e9canisme d\u2019appui technique pour la mise en \u0153uvre de la strat\u00e9gie sectorielle EFE<\/td>\n<\/tr>\n<\/tbody>\n<\/table>","protected":false},"excerpt":{"rendered":"<p>Le Ministre a \u00e9galement sous sa tutelle des organismes strat\u00e9giques. Le tableau ci-dessous explique bri\u00e8vement leur mission et leur localisation. Modifier Nom Province Mission Office National des Examens et Concours du Sup\u00e9rieur (ONECS) N&rsquo;Djamena assure la gestion des examens et concours du sup\u00e9rieur et l\u2019authentification des dipl\u00f4mes\u00a0; Centre National des [&hellip;]<\/p>","protected":false},"author":1,"featured_media":0,"parent":0,"menu_order":0,"comment_status":"closed","ping_status":"closed","template":"","meta":{"_eb_attr":"","footnotes":""},"class_list":["post-6660","page","type-page","status-publish","hentry"],"yoast_head":"<!-- This site is optimized with the Yoast SEO plugin v27.4 - https:\/\/yoast.com\/product\/yoast-seo-wordpress\/ -->\n<title>Organismes sous tutelle - Enseignement Sup\u00e9rieur du Tchad<\/title>\n<meta name=\"robots\" content=\"index, follow, max-snippet:-1, max-image-preview:large, max-video-preview:-1\" \/>\n<link rel=\"canonical\" href=\"https:\/\/enseignementsuptchad.net\/ar\/organismes-sous-tutelle\/\" \/>\n<meta property=\"og:locale\" content=\"ar_AR\" \/>\n<meta property=\"og:type\" content=\"article\" \/>\n<meta property=\"og:title\" content=\"Organismes sous tutelle - Enseignement Sup\u00e9rieur du Tchad\" \/>\n<meta property=\"og:description\" content=\"Le Ministre a \u00e9galement sous sa tutelle des organismes strat\u00e9giques. Le tableau ci-dessous explique bri\u00e8vement leur mission et leur localisation. Modifier Nom Province Mission Office National des Examens et Concours du Sup\u00e9rieur (ONECS) N&rsquo;Djamena assure la gestion des examens et concours du sup\u00e9rieur et l\u2019authentification des dipl\u00f4mes\u00a0; Centre National des [&hellip;]\" \/>\n<meta property=\"og:url\" content=\"https:\/\/enseignementsuptchad.net\/ar\/organismes-sous-tutelle\/\" \/>\n<meta property=\"og:site_name\" content=\"Enseignement Sup\u00e9rieur du Tchad\" \/>\n<meta property=\"article:modified_time\" content=\"2025-05-12T20:51:06+00:00\" \/>\n<meta name=\"twitter:card\" content=\"summary_large_image\" \/>\n<meta name=\"twitter:label1\" content=\"\u0648\u0642\u062a \u0627\u0644\u0642\u0631\u0627\u0621\u0629 \u0627\u0644\u0645\u064f\u0642\u062f\u0651\u0631\" \/>\n\t<meta name=\"twitter:data1\" content=\"\u062f\u0642\u064a\u0642\u0629 \u0648\u0627\u062d\u062f\u0629\" \/>\n<script type=\"application\/ld+json\" class=\"yoast-schema-graph\">{\"@context\":\"https:\\\/\\\/schema.org\",\"@graph\":[{\"@type\":\"WebPage\",\"@id\":\"https:\\\/\\\/enseignementsuptchad.net\\\/organismes-sous-tutelle\\\/\",\"url\":\"https:\\\/\\\/enseignementsuptchad.net\\\/organismes-sous-tutelle\\\/\",\"name\":\"Organismes sous tutelle - Enseignement Sup\u00e9rieur du Tchad\",\"isPartOf\":{\"@id\":\"https:\\\/\\\/enseignementsuptchad.net\\\/#website\"},\"datePublished\":\"2025-04-29T16:15:50+00:00\",\"dateModified\":\"2025-05-12T20:51:06+00:00\",\"breadcrumb\":{\"@id\":\"https:\\\/\\\/enseignementsuptchad.net\\\/organismes-sous-tutelle\\\/#breadcrumb\"},\"inLanguage\":\"ar\",\"potentialAction\":[{\"@type\":\"ReadAction\",\"target\":[\"https:\\\/\\\/enseignementsuptchad.net\\\/organismes-sous-tutelle\\\/\"]}]},{\"@type\":\"BreadcrumbList\",\"@id\":\"https:\\\/\\\/enseignementsuptchad.net\\\/organismes-sous-tutelle\\\/#breadcrumb\",\"itemListElement\":[{\"@type\":\"ListItem\",\"position\":1,\"name\":\"Home\",\"item\":\"https:\\\/\\\/enseignementsuptchad.net\\\/\"},{\"@type\":\"ListItem\",\"position\":2,\"name\":\"Organismes sous tutelle\"}]},{\"@type\":\"WebSite\",\"@id\":\"https:\\\/\\\/enseignementsuptchad.net\\\/#website\",\"url\":\"https:\\\/\\\/enseignementsuptchad.net\\\/\",\"name\":\"Enseignement Sup\u00e9rieur du Tchad\",\"description\":\"\",\"publisher\":{\"@id\":\"https:\\\/\\\/enseignementsuptchad.net\\\/#organization\"},\"potentialAction\":[{\"@type\":\"SearchAction\",\"target\":{\"@type\":\"EntryPoint\",\"urlTemplate\":\"https:\\\/\\\/enseignementsuptchad.net\\\/?s={search_term_string}\"},\"query-input\":{\"@type\":\"PropertyValueSpecification\",\"valueRequired\":true,\"valueName\":\"search_term_string\"}}],\"inLanguage\":\"ar\"},{\"@type\":\"Organization\",\"@id\":\"https:\\\/\\\/enseignementsuptchad.net\\\/#organization\",\"name\":\"Enseignement Sup\u00e9rieur du Tchad\",\"url\":\"https:\\\/\\\/enseignementsuptchad.net\\\/\",\"logo\":{\"@type\":\"ImageObject\",\"inLanguage\":\"ar\",\"@id\":\"https:\\\/\\\/enseignementsuptchad.net\\\/#\\\/schema\\\/logo\\\/image\\\/\",\"url\":\"https:\\\/\\\/enseignementsuptchad.net\\\/wp-content\\\/uploads\\\/2025\\\/04\\\/cropped-Plan-de-travail-1-1-1-e1748262558104.png\",\"contentUrl\":\"https:\\\/\\\/enseignementsuptchad.net\\\/wp-content\\\/uploads\\\/2025\\\/04\\\/cropped-Plan-de-travail-1-1-1-e1748262558104.png\",\"width\":162,\"height\":136,\"caption\":\"Enseignement Sup\u00e9rieur du Tchad\"},\"image\":{\"@id\":\"https:\\\/\\\/enseignementsuptchad.net\\\/#\\\/schema\\\/logo\\\/image\\\/\"}}]}<\/script>\n<!-- \/ Yoast SEO plugin. -->","yoast_head_json":{"title":"Organismes sous tutelle - Enseignement Sup\u00e9rieur du Tchad","robots":{"index":"index","follow":"follow","max-snippet":"max-snippet:-1","max-image-preview":"max-image-preview:large","max-video-preview":"max-video-preview:-1"},"canonical":"https:\/\/enseignementsuptchad.net\/ar\/organismes-sous-tutelle\/","og_locale":"ar_AR","og_type":"article","og_title":"Organismes sous tutelle - Enseignement Sup\u00e9rieur du Tchad","og_description":"Le Ministre a \u00e9galement sous sa tutelle des organismes strat\u00e9giques. Le tableau ci-dessous explique bri\u00e8vement leur mission et leur localisation. Modifier Nom Province Mission Office National des Examens et Concours du Sup\u00e9rieur (ONECS) N&rsquo;Djamena assure la gestion des examens et concours du sup\u00e9rieur et l\u2019authentification des dipl\u00f4mes\u00a0; Centre National des [&hellip;]","og_url":"https:\/\/enseignementsuptchad.net\/ar\/organismes-sous-tutelle\/","og_site_name":"Enseignement Sup\u00e9rieur du Tchad","article_modified_time":"2025-05-12T20:51:06+00:00","twitter_card":"summary_large_image","twitter_misc":{"\u0648\u0642\u062a \u0627\u0644\u0642\u0631\u0627\u0621\u0629 \u0627\u0644\u0645\u064f\u0642\u062f\u0651\u0631":"\u062f\u0642\u064a\u0642\u0629 \u0648\u0627\u062d\u062f\u0629"},"schema":{"@context":"https:\/\/schema.org","@graph":[{"@type":"WebPage","@id":"https:\/\/enseignementsuptchad.net\/organismes-sous-tutelle\/","url":"https:\/\/enseignementsuptchad.net\/organismes-sous-tutelle\/","name":"Organismes sous tutelle - Enseignement Sup\u00e9rieur du Tchad","isPartOf":{"@id":"https:\/\/enseignementsuptchad.net\/#website"},"datePublished":"2025-04-29T16:15:50+00:00","dateModified":"2025-05-12T20:51:06+00:00","breadcrumb":{"@id":"https:\/\/enseignementsuptchad.net\/organismes-sous-tutelle\/#breadcrumb"},"inLanguage":"ar","potentialAction":[{"@type":"ReadAction","target":["https:\/\/enseignementsuptchad.net\/organismes-sous-tutelle\/"]}]},{"@type":"BreadcrumbList","@id":"https:\/\/enseignementsuptchad.net\/organismes-sous-tutelle\/#breadcrumb","itemListElement":[{"@type":"ListItem","position":1,"name":"Home","item":"https:\/\/enseignementsuptchad.net\/"},{"@type":"ListItem","position":2,"name":"Organismes sous tutelle"}]},{"@type":"WebSite","@id":"https:\/\/enseignementsuptchad.net\/#website","url":"https:\/\/enseignementsuptchad.net\/","name":"Enseignement Sup\u00e9rieur du Tchad","description":"","publisher":{"@id":"https:\/\/enseignementsuptchad.net\/#organization"},"potentialAction":[{"@type":"SearchAction","target":{"@type":"EntryPoint","urlTemplate":"https:\/\/enseignementsuptchad.net\/?s={search_term_string}"},"query-input":{"@type":"PropertyValueSpecification","valueRequired":true,"valueName":"search_term_string"}}],"inLanguage":"ar"},{"@type":"Organization","@id":"https:\/\/enseignementsuptchad.net\/#organization","name":"Enseignement Sup\u00e9rieur du Tchad","url":"https:\/\/enseignementsuptchad.net\/","logo":{"@type":"ImageObject","inLanguage":"ar","@id":"https:\/\/enseignementsuptchad.net\/#\/schema\/logo\/image\/","url":"https:\/\/enseignementsuptchad.net\/wp-content\/uploads\/2025\/04\/cropped-Plan-de-travail-1-1-1-e1748262558104.png","contentUrl":"https:\/\/enseignementsuptchad.net\/wp-content\/uploads\/2025\/04\/cropped-Plan-de-travail-1-1-1-e1748262558104.png","width":162,"height":136,"caption":"Enseignement Sup\u00e9rieur du Tchad"},"image":{"@id":"https:\/\/enseignementsuptchad.net\/#\/schema\/logo\/image\/"}}]}},"_links":{"self":[{"href":"https:\/\/enseignementsuptchad.net\/ar\/wp-json\/wp\/v2\/pages\/6660","targetHints":{"allow":["GET"]}}],"collection":[{"href":"https:\/\/enseignementsuptchad.net\/ar\/wp-json\/wp\/v2\/pages"}],"about":[{"href":"https:\/\/enseignementsuptchad.net\/ar\/wp-json\/wp\/v2\/types\/page"}],"author":[{"embeddable":true,"href":"https:\/\/enseignementsuptchad.net\/ar\/wp-json\/wp\/v2\/users\/1"}],"replies":[{"embeddable":true,"href":"https:\/\/enseignementsuptchad.net\/ar\/wp-json\/wp\/v2\/comments?post=6660"}],"version-history":[{"count":9,"href":"https:\/\/enseignementsuptchad.net\/ar\/wp-json\/wp\/v2\/pages\/6660\/revisions"}],"predecessor-version":[{"id":7421,"href":"https:\/\/enseignementsuptchad.net\/ar\/wp-json\/wp\/v2\/pages\/6660\/revisions\/7421"}],"wp:attachment":[{"href":"https:\/\/enseignementsuptchad.net\/ar\/wp-json\/wp\/v2\/media?parent=6660"}],"curies":[{"name":"wp","href":"https:\/\/api.w.org\/{rel}","templated":true}]}}