{"id":6783,"date":"2025-05-02T12:40:18","date_gmt":"2025-05-02T11:40:18","guid":{"rendered":"https:\/\/enseignementsuptchad.net\/?page_id=6783"},"modified":"2025-05-08T16:35:20","modified_gmt":"2025-05-08T15:35:20","slug":"cnesp","status":"publish","type":"page","link":"https:\/\/enseignementsuptchad.net\/ar\/cnesp\/","title":{"rendered":"CNESP"},"content":{"rendered":"<div data-elementor-type=\"wp-page\" data-elementor-id=\"6783\" class=\"elementor elementor-6783\" data-elementor-post-type=\"page\">\n\t\t\t\t<div class=\"elementor-element elementor-element-27b89ff e-flex e-con-boxed e-con e-parent\" data-id=\"27b89ff\" data-element_type=\"container\" data-e-type=\"container\">\n\t\t\t\t\t<div class=\"e-con-inner\">\n\t\t\t\t<div class=\"elementor-element elementor-element-38b4cf3 elementor-widget elementor-widget-wpzoom-elementor-addons-image-box\" data-id=\"38b4cf3\" data-element_type=\"widget\" data-e-type=\"widget\" data-widget_type=\"wpzoom-elementor-addons-image-box.default\">\n\t\t\t\t<div class=\"elementor-widget-container\">\n\t\t\t\t\t\t\t<div class=\"wpzoom-elementor-addons-image-box\">\n\t\t\t<h3>\n\t\t\t\t<span class=\"wpzoom-elementor-addons-image-box-link not-linked has-image\" style=\"background-image:url('https:\/\/enseignementsuptchad.net\/wp-content\/uploads\/2025\/05\/cnesp.jpg');\"><span><\/span><\/span>\t\t\t<\/h3>\n\t\t<\/div><!-- \/\/.wpzoom-elementor-addons-image-box -->\n\t\t\t\t\t\t<\/div>\n\t\t\t\t<\/div>\n\t\t\t\t<div class=\"elementor-element elementor-element-45e9393 elementor-widget elementor-widget-heading\" data-id=\"45e9393\" data-element_type=\"widget\" data-e-type=\"widget\" data-widget_type=\"heading.default\">\n\t\t\t\t<div class=\"elementor-widget-container\">\n\t\t\t\t\t<h4 class=\"elementor-heading-title elementor-size-default\">Il s'est tenu ce matin au CNRD, la session ordinaire de la Commission Nationale de l'Enseignement Sup\u00e9rieur Priv\u00e9 ( CNESP). \nC'est le Pr\u00e9sident de cette commission Dr DIONKO MAOUND\u00c9 par ailleurs Directeur G\u00e9n\u00e9ral de l'Enseignement Sup\u00e9rieur et de la Recherche Scientifique en pr\u00e9sence des autres membres statutaires.\nUn seul point \u00e9tait inscrit \u00e0 l'ordre du jour ; il s'agit de l'examen des dossiers en instance, notamment les demandes d'agr\u00e9ment, d'habilitation de la licence, d'autorisation de former en Master et une demande de r\u00e9gularisation.\nAu total 22 dossiers ont \u00e9t\u00e9 examin\u00e9s. 11 ont re\u00e7u l'avis favorable et 11  jug\u00e9s d\u00e9favorables.\nCe n'est pas tout, selon le d\u00e9cret 208 de 2011,  l'agr\u00e9ment ne donne pas lieu \u00e0 l'ouverture imm\u00e9diate de l'\u00e9tablissement. C'est apr\u00e8s l'investissement r\u00e9el constat\u00e9 et d'autres \u00e9quipements pr\u00e9alables que le promoteur adressera de nouveau une autre demande d'ouverture au Ministre de l'Enseignement Sup\u00e9rieur. A l'issue de cette demande, les membres de la commission descendent et inspectent le lieu avant de d\u00e9livrer l'autorisation d'ouverture. \nLes int\u00e9ress\u00e9s ayant d\u00e9pos\u00e9 les dossiers seront inform\u00e9s des conclusions de cette session \u00e0 travers un proc\u00e8s-verbal.<\/h4>\t\t\t\t<\/div>\n\t\t\t\t<\/div>\n\t\t\t\t\t<\/div>\n\t\t\t\t<\/div>\n\t\t\t\t<\/div>","protected":false},"excerpt":{"rendered":"<p>Il s&rsquo;est tenu ce matin au CNRD, la session ordinaire de la Commission Nationale de l&rsquo;Enseignement Sup\u00e9rieur Priv\u00e9 ( CNESP). C&rsquo;est le Pr\u00e9sident de cette commission Dr DIONKO MAOUND\u00c9 par ailleurs Directeur G\u00e9n\u00e9ral de l&rsquo;Enseignement Sup\u00e9rieur et de la Recherche Scientifique en pr\u00e9sence des autres membres statutaires. Un seul point [&hellip;]<\/p>","protected":false},"author":1,"featured_media":0,"parent":0,"menu_order":0,"comment_status":"closed","ping_status":"closed","template":"","meta":{"_eb_attr":"","footnotes":""},"class_list":["post-6783","page","type-page","status-publish","hentry"],"yoast_head":"<!-- This site is optimized with the Yoast SEO plugin v27.4 - https:\/\/yoast.com\/product\/yoast-seo-wordpress\/ -->\n<title>CNESP - Enseignement Sup\u00e9rieur du Tchad<\/title>\n<meta name=\"robots\" content=\"index, follow, max-snippet:-1, max-image-preview:large, max-video-preview:-1\" \/>\n<link rel=\"canonical\" href=\"https:\/\/enseignementsuptchad.net\/ar\/cnesp\/\" \/>\n<meta property=\"og:locale\" content=\"ar_AR\" \/>\n<meta property=\"og:type\" content=\"article\" \/>\n<meta property=\"og:title\" content=\"CNESP - Enseignement Sup\u00e9rieur du Tchad\" \/>\n<meta property=\"og:description\" content=\"Il s&rsquo;est tenu ce matin au CNRD, la session ordinaire de la Commission Nationale de l&rsquo;Enseignement Sup\u00e9rieur Priv\u00e9 ( CNESP). C&rsquo;est le Pr\u00e9sident de cette commission Dr DIONKO MAOUND\u00c9 par ailleurs Directeur G\u00e9n\u00e9ral de l&rsquo;Enseignement Sup\u00e9rieur et de la Recherche Scientifique en pr\u00e9sence des autres membres statutaires. Un seul point [&hellip;]\" \/>\n<meta property=\"og:url\" content=\"https:\/\/enseignementsuptchad.net\/ar\/cnesp\/\" \/>\n<meta property=\"og:site_name\" content=\"Enseignement Sup\u00e9rieur du Tchad\" \/>\n<meta property=\"article:modified_time\" content=\"2025-05-08T15:35:20+00:00\" \/>\n<meta name=\"twitter:card\" content=\"summary_large_image\" \/>\n<meta name=\"twitter:label1\" content=\"\u0648\u0642\u062a \u0627\u0644\u0642\u0631\u0627\u0621\u0629 \u0627\u0644\u0645\u064f\u0642\u062f\u0651\u0631\" \/>\n\t<meta name=\"twitter:data1\" content=\"\u062f\u0642\u064a\u0642\u0629 \u0648\u0627\u062d\u062f\u0629\" \/>\n<script type=\"application\/ld+json\" class=\"yoast-schema-graph\">{\"@context\":\"https:\\\/\\\/schema.org\",\"@graph\":[{\"@type\":\"WebPage\",\"@id\":\"https:\\\/\\\/enseignementsuptchad.net\\\/cnesp\\\/\",\"url\":\"https:\\\/\\\/enseignementsuptchad.net\\\/cnesp\\\/\",\"name\":\"CNESP - Enseignement Sup\u00e9rieur du Tchad\",\"isPartOf\":{\"@id\":\"https:\\\/\\\/enseignementsuptchad.net\\\/#website\"},\"datePublished\":\"2025-05-02T11:40:18+00:00\",\"dateModified\":\"2025-05-08T15:35:20+00:00\",\"breadcrumb\":{\"@id\":\"https:\\\/\\\/enseignementsuptchad.net\\\/cnesp\\\/#breadcrumb\"},\"inLanguage\":\"ar\",\"potentialAction\":[{\"@type\":\"ReadAction\",\"target\":[\"https:\\\/\\\/enseignementsuptchad.net\\\/cnesp\\\/\"]}]},{\"@type\":\"BreadcrumbList\",\"@id\":\"https:\\\/\\\/enseignementsuptchad.net\\\/cnesp\\\/#breadcrumb\",\"itemListElement\":[{\"@type\":\"ListItem\",\"position\":1,\"name\":\"Home\",\"item\":\"https:\\\/\\\/enseignementsuptchad.net\\\/\"},{\"@type\":\"ListItem\",\"position\":2,\"name\":\"CNESP\"}]},{\"@type\":\"WebSite\",\"@id\":\"https:\\\/\\\/enseignementsuptchad.net\\\/#website\",\"url\":\"https:\\\/\\\/enseignementsuptchad.net\\\/\",\"name\":\"Enseignement Sup\u00e9rieur du Tchad\",\"description\":\"\",\"publisher\":{\"@id\":\"https:\\\/\\\/enseignementsuptchad.net\\\/#organization\"},\"potentialAction\":[{\"@type\":\"SearchAction\",\"target\":{\"@type\":\"EntryPoint\",\"urlTemplate\":\"https:\\\/\\\/enseignementsuptchad.net\\\/?s={search_term_string}\"},\"query-input\":{\"@type\":\"PropertyValueSpecification\",\"valueRequired\":true,\"valueName\":\"search_term_string\"}}],\"inLanguage\":\"ar\"},{\"@type\":\"Organization\",\"@id\":\"https:\\\/\\\/enseignementsuptchad.net\\\/#organization\",\"name\":\"Enseignement Sup\u00e9rieur du Tchad\",\"url\":\"https:\\\/\\\/enseignementsuptchad.net\\\/\",\"logo\":{\"@type\":\"ImageObject\",\"inLanguage\":\"ar\",\"@id\":\"https:\\\/\\\/enseignementsuptchad.net\\\/#\\\/schema\\\/logo\\\/image\\\/\",\"url\":\"https:\\\/\\\/enseignementsuptchad.net\\\/wp-content\\\/uploads\\\/2025\\\/04\\\/cropped-Plan-de-travail-1-1-1-e1748262558104.png\",\"contentUrl\":\"https:\\\/\\\/enseignementsuptchad.net\\\/wp-content\\\/uploads\\\/2025\\\/04\\\/cropped-Plan-de-travail-1-1-1-e1748262558104.png\",\"width\":162,\"height\":136,\"caption\":\"Enseignement Sup\u00e9rieur du Tchad\"},\"image\":{\"@id\":\"https:\\\/\\\/enseignementsuptchad.net\\\/#\\\/schema\\\/logo\\\/image\\\/\"}}]}<\/script>\n<!-- \/ Yoast SEO plugin. -->","yoast_head_json":{"title":"CNESP - Enseignement Sup\u00e9rieur du Tchad","robots":{"index":"index","follow":"follow","max-snippet":"max-snippet:-1","max-image-preview":"max-image-preview:large","max-video-preview":"max-video-preview:-1"},"canonical":"https:\/\/enseignementsuptchad.net\/ar\/cnesp\/","og_locale":"ar_AR","og_type":"article","og_title":"CNESP - Enseignement Sup\u00e9rieur du Tchad","og_description":"Il s&rsquo;est tenu ce matin au CNRD, la session ordinaire de la Commission Nationale de l&rsquo;Enseignement Sup\u00e9rieur Priv\u00e9 ( CNESP). C&rsquo;est le Pr\u00e9sident de cette commission Dr DIONKO MAOUND\u00c9 par ailleurs Directeur G\u00e9n\u00e9ral de l&rsquo;Enseignement Sup\u00e9rieur et de la Recherche Scientifique en pr\u00e9sence des autres membres statutaires. Un seul point [&hellip;]","og_url":"https:\/\/enseignementsuptchad.net\/ar\/cnesp\/","og_site_name":"Enseignement Sup\u00e9rieur du Tchad","article_modified_time":"2025-05-08T15:35:20+00:00","twitter_card":"summary_large_image","twitter_misc":{"\u0648\u0642\u062a \u0627\u0644\u0642\u0631\u0627\u0621\u0629 \u0627\u0644\u0645\u064f\u0642\u062f\u0651\u0631":"\u062f\u0642\u064a\u0642\u0629 \u0648\u0627\u062d\u062f\u0629"},"schema":{"@context":"https:\/\/schema.org","@graph":[{"@type":"WebPage","@id":"https:\/\/enseignementsuptchad.net\/cnesp\/","url":"https:\/\/enseignementsuptchad.net\/cnesp\/","name":"CNESP - Enseignement Sup\u00e9rieur du Tchad","isPartOf":{"@id":"https:\/\/enseignementsuptchad.net\/#website"},"datePublished":"2025-05-02T11:40:18+00:00","dateModified":"2025-05-08T15:35:20+00:00","breadcrumb":{"@id":"https:\/\/enseignementsuptchad.net\/cnesp\/#breadcrumb"},"inLanguage":"ar","potentialAction":[{"@type":"ReadAction","target":["https:\/\/enseignementsuptchad.net\/cnesp\/"]}]},{"@type":"BreadcrumbList","@id":"https:\/\/enseignementsuptchad.net\/cnesp\/#breadcrumb","itemListElement":[{"@type":"ListItem","position":1,"name":"Home","item":"https:\/\/enseignementsuptchad.net\/"},{"@type":"ListItem","position":2,"name":"CNESP"}]},{"@type":"WebSite","@id":"https:\/\/enseignementsuptchad.net\/#website","url":"https:\/\/enseignementsuptchad.net\/","name":"Enseignement Sup\u00e9rieur du Tchad","description":"","publisher":{"@id":"https:\/\/enseignementsuptchad.net\/#organization"},"potentialAction":[{"@type":"SearchAction","target":{"@type":"EntryPoint","urlTemplate":"https:\/\/enseignementsuptchad.net\/?s={search_term_string}"},"query-input":{"@type":"PropertyValueSpecification","valueRequired":true,"valueName":"search_term_string"}}],"inLanguage":"ar"},{"@type":"Organization","@id":"https:\/\/enseignementsuptchad.net\/#organization","name":"Enseignement Sup\u00e9rieur du Tchad","url":"https:\/\/enseignementsuptchad.net\/","logo":{"@type":"ImageObject","inLanguage":"ar","@id":"https:\/\/enseignementsuptchad.net\/#\/schema\/logo\/image\/","url":"https:\/\/enseignementsuptchad.net\/wp-content\/uploads\/2025\/04\/cropped-Plan-de-travail-1-1-1-e1748262558104.png","contentUrl":"https:\/\/enseignementsuptchad.net\/wp-content\/uploads\/2025\/04\/cropped-Plan-de-travail-1-1-1-e1748262558104.png","width":162,"height":136,"caption":"Enseignement Sup\u00e9rieur du Tchad"},"image":{"@id":"https:\/\/enseignementsuptchad.net\/#\/schema\/logo\/image\/"}}]}},"_links":{"self":[{"href":"https:\/\/enseignementsuptchad.net\/ar\/wp-json\/wp\/v2\/pages\/6783","targetHints":{"allow":["GET"]}}],"collection":[{"href":"https:\/\/enseignementsuptchad.net\/ar\/wp-json\/wp\/v2\/pages"}],"about":[{"href":"https:\/\/enseignementsuptchad.net\/ar\/wp-json\/wp\/v2\/types\/page"}],"author":[{"embeddable":true,"href":"https:\/\/enseignementsuptchad.net\/ar\/wp-json\/wp\/v2\/users\/1"}],"replies":[{"embeddable":true,"href":"https:\/\/enseignementsuptchad.net\/ar\/wp-json\/wp\/v2\/comments?post=6783"}],"version-history":[{"count":4,"href":"https:\/\/enseignementsuptchad.net\/ar\/wp-json\/wp\/v2\/pages\/6783\/revisions"}],"predecessor-version":[{"id":7084,"href":"https:\/\/enseignementsuptchad.net\/ar\/wp-json\/wp\/v2\/pages\/6783\/revisions\/7084"}],"wp:attachment":[{"href":"https:\/\/enseignementsuptchad.net\/ar\/wp-json\/wp\/v2\/media?parent=6783"}],"curies":[{"name":"wp","href":"https:\/\/api.w.org\/{rel}","templated":true}]}}